{"id":10119,"date":"2022-09-15T08:56:31","date_gmt":"2022-09-15T11:56:31","guid":{"rendered":"https:\/\/www.lashayas.com.ar\/?page_id=10119"},"modified":"2025-01-07T12:01:51","modified_gmt":"2025-01-07T15:01:51","slug":"desayunador-drake","status":"publish","type":"page","link":"http:\/\/www.lashayas.com.ar\/en\/desayunador-drake\/","title":{"rendered":"Drake Breakfast"},"content":{"rendered":"<div data-elementor-type=\"wp-page\" data-elementor-id=\"10119\" class=\"elementor elementor-10119\" data-elementor-post-type=\"page\">\n\t\t\t\t\t\t<section class=\"elementor-section elementor-top-section elementor-element elementor-element-d280dd3 elementor-section-full_width elementor-section-height-default elementor-section-height-default\" data-id=\"d280dd3\" data-element_type=\"section\" data-settings=\"{&quot;background_background&quot;:&quot;classic&quot;}\">\n\t\t\t\t\t\t<div class=\"elementor-container elementor-column-gap-default\">\n\t\t\t\t\t<div class=\"elementor-column elementor-col-66 elementor-top-column elementor-element elementor-element-f150702\" data-id=\"f150702\" data-element_type=\"column\" data-settings=\"{&quot;background_background&quot;:&quot;classic&quot;}\">\n\t\t\t<div class=\"elementor-widget-wrap elementor-element-populated\">\n\t\t\t\t\t\t<div class=\"elementor-element elementor-element-9bff257 elementor-widget elementor-widget-image-carousel\" data-id=\"9bff257\" data-element_type=\"widget\" data-settings=\"{&quot;slides_to_show&quot;:&quot;1&quot;,&quot;navigation&quot;:&quot;none&quot;,&quot;autoplay&quot;:&quot;yes&quot;,&quot;pause_on_hover&quot;:&quot;yes&quot;,&quot;pause_on_interaction&quot;:&quot;yes&quot;,&quot;autoplay_speed&quot;:5000,&quot;infinite&quot;:&quot;yes&quot;,&quot;effect&quot;:&quot;slide&quot;,&quot;speed&quot;:500}\" data-widget_type=\"image-carousel.default\">\n\t\t\t\t<div class=\"elementor-widget-container\">\n\t\t\t\t\t\t\t<div class=\"elementor-image-carousel-wrapper swiper\" role=\"region\" aria-roledescription=\"carousel\" aria-label=\"Image Carousel\" dir=\"ltr\">\n\t\t\t<div class=\"elementor-image-carousel swiper-wrapper swiper-image-stretch\" aria-live=\"off\">\n\t\t\t\t\t\t\t\t<div class=\"swiper-slide\" role=\"group\" aria-roledescription=\"slide\" aria-label=\"1 of 17\"><figure class=\"swiper-slide-inner\"><img decoding=\"async\" class=\"swiper-slide-image\" src=\"https:\/\/www.lashayas.com.ar\/wp-content\/uploads\/2025\/01\/JLF_6338-HDR-FILEminimizer_11zon-scaled.jpg\" alt=\"JLF_6338-HDR (FILEminimizer)_11zon\" \/><\/figure><\/div><div class=\"swiper-slide\" role=\"group\" aria-roledescription=\"slide\" aria-label=\"2 of 17\"><figure class=\"swiper-slide-inner\"><img decoding=\"async\" class=\"swiper-slide-image\" src=\"https:\/\/www.lashayas.com.ar\/wp-content\/uploads\/2022\/09\/DSC6423.jpg\" alt=\"_DSC6423\" \/><\/figure><\/div><div class=\"swiper-slide\" role=\"group\" aria-roledescription=\"slide\" aria-label=\"3 of 17\"><figure class=\"swiper-slide-inner\"><img decoding=\"async\" class=\"swiper-slide-image\" src=\"https:\/\/www.lashayas.com.ar\/wp-content\/uploads\/2025\/01\/JLF_6341-HDR-FILEminimizer_11zon-scaled.jpg\" alt=\"JLF_6341-HDR (FILEminimizer)_11zon\" \/><\/figure><\/div><div class=\"swiper-slide\" role=\"group\" aria-roledescription=\"slide\" aria-label=\"4 of 17\"><figure class=\"swiper-slide-inner\"><img decoding=\"async\" class=\"swiper-slide-image\" src=\"https:\/\/www.lashayas.com.ar\/wp-content\/uploads\/2022\/09\/DSC6427.jpg\" alt=\"_DSC6427\" \/><\/figure><\/div><div class=\"swiper-slide\" role=\"group\" aria-roledescription=\"slide\" aria-label=\"5 of 17\"><figure class=\"swiper-slide-inner\"><img decoding=\"async\" class=\"swiper-slide-image\" src=\"https:\/\/www.lashayas.com.ar\/wp-content\/uploads\/2022\/09\/DSC_4024.jpg\" alt=\"DSC_4024\" \/><\/figure><\/div><div class=\"swiper-slide\" role=\"group\" aria-roledescription=\"slide\" aria-label=\"6 of 17\"><figure class=\"swiper-slide-inner\"><img decoding=\"async\" class=\"swiper-slide-image\" src=\"https:\/\/www.lashayas.com.ar\/wp-content\/uploads\/2022\/09\/DSC6442.jpg\" alt=\"_DSC6442\" \/><\/figure><\/div><div class=\"swiper-slide\" role=\"group\" aria-roledescription=\"slide\" aria-label=\"7 of 17\"><figure class=\"swiper-slide-inner\"><img decoding=\"async\" class=\"swiper-slide-image\" src=\"https:\/\/www.lashayas.com.ar\/wp-content\/uploads\/2025\/01\/JLF_6344-HDR-FILEminimizer_11zon-scaled.jpg\" alt=\"JLF_6344-HDR (FILEminimizer)_11zon\" \/><\/figure><\/div><div class=\"swiper-slide\" role=\"group\" aria-roledescription=\"slide\" aria-label=\"8 of 17\"><figure class=\"swiper-slide-inner\"><img decoding=\"async\" class=\"swiper-slide-image\" src=\"https:\/\/www.lashayas.com.ar\/wp-content\/uploads\/2022\/09\/DSC6459.jpg\" alt=\"_DSC6459\" \/><\/figure><\/div><div class=\"swiper-slide\" role=\"group\" aria-roledescription=\"slide\" aria-label=\"9 of 17\"><figure class=\"swiper-slide-inner\"><img decoding=\"async\" class=\"swiper-slide-image\" src=\"https:\/\/www.lashayas.com.ar\/wp-content\/uploads\/2022\/09\/DSC6460.jpg\" alt=\"_DSC6460\" \/><\/figure><\/div><div class=\"swiper-slide\" role=\"group\" aria-roledescription=\"slide\" aria-label=\"10 of 17\"><figure class=\"swiper-slide-inner\"><img decoding=\"async\" class=\"swiper-slide-image\" src=\"https:\/\/www.lashayas.com.ar\/wp-content\/uploads\/2022\/09\/DSC6462.jpg\" alt=\"_DSC6462\" \/><\/figure><\/div><div class=\"swiper-slide\" role=\"group\" aria-roledescription=\"slide\" aria-label=\"11 of 17\"><figure class=\"swiper-slide-inner\"><img decoding=\"async\" class=\"swiper-slide-image\" src=\"https:\/\/www.lashayas.com.ar\/wp-content\/uploads\/2025\/01\/JLF_6359-HDR-FILEminimizer_11zon-scaled.jpg\" alt=\"JLF_6359-HDR (FILEminimizer)_11zon\" \/><\/figure><\/div><div class=\"swiper-slide\" role=\"group\" aria-roledescription=\"slide\" aria-label=\"12 of 17\"><figure class=\"swiper-slide-inner\"><img decoding=\"async\" class=\"swiper-slide-image\" src=\"https:\/\/www.lashayas.com.ar\/wp-content\/uploads\/2022\/09\/DSC_4534.jpg\" alt=\"DSC_4534\" \/><\/figure><\/div><div class=\"swiper-slide\" role=\"group\" aria-roledescription=\"slide\" aria-label=\"13 of 17\"><figure class=\"swiper-slide-inner\"><img decoding=\"async\" class=\"swiper-slide-image\" src=\"https:\/\/www.lashayas.com.ar\/wp-content\/uploads\/2022\/09\/DSC6472.jpg\" alt=\"_DSC6472\" \/><\/figure><\/div><div class=\"swiper-slide\" role=\"group\" aria-roledescription=\"slide\" aria-label=\"14 of 17\"><figure class=\"swiper-slide-inner\"><img decoding=\"async\" class=\"swiper-slide-image\" src=\"https:\/\/www.lashayas.com.ar\/wp-content\/uploads\/2022\/09\/DSC6483.jpg\" alt=\"_DSC6483\" \/><\/figure><\/div><div class=\"swiper-slide\" role=\"group\" aria-roledescription=\"slide\" aria-label=\"15 of 17\"><figure class=\"swiper-slide-inner\"><img decoding=\"async\" class=\"swiper-slide-image\" src=\"https:\/\/www.lashayas.com.ar\/wp-content\/uploads\/2022\/09\/DSC6501.jpg\" alt=\"_DSC6501\" \/><\/figure><\/div><div class=\"swiper-slide\" role=\"group\" aria-roledescription=\"slide\" aria-label=\"16 of 17\"><figure class=\"swiper-slide-inner\"><img decoding=\"async\" class=\"swiper-slide-image\" src=\"https:\/\/www.lashayas.com.ar\/wp-content\/uploads\/2022\/09\/DSC6622.jpg\" alt=\"_DSC6622\" \/><\/figure><\/div><div class=\"swiper-slide\" role=\"group\" aria-roledescription=\"slide\" aria-label=\"17 of 17\"><figure class=\"swiper-slide-inner\"><img decoding=\"async\" class=\"swiper-slide-image\" src=\"https:\/\/www.lashayas.com.ar\/wp-content\/uploads\/2022\/09\/DSC_4462.jpg\" alt=\"DSC_4462\" \/><\/figure><\/div>\t\t\t<\/div>\n\t\t\t\t\t\t\t\n\t\t\t\t\t\t\t\t\t<\/div>\n\t\t\t\t\t\t<\/div>\n\t\t\t\t<\/div>\n\t\t\t\t\t<\/div>\n\t\t<\/div>\n\t\t\t\t<div class=\"elementor-column elementor-col-33 elementor-top-column elementor-element elementor-element-f99eb72\" data-id=\"f99eb72\" data-element_type=\"column\" data-settings=\"{&quot;background_background&quot;:&quot;classic&quot;}\">\n\t\t\t<div class=\"elementor-widget-wrap elementor-element-populated\">\n\t\t\t\t\t<div class=\"elementor-background-overlay\"><\/div>\n\t\t\t\t\t\t<div class=\"elementor-element elementor-element-f1dcad2 elementor-widget elementor-widget-heading\" data-id=\"f1dcad2\" data-element_type=\"widget\" data-widget_type=\"heading.default\">\n\t\t\t\t<div class=\"elementor-widget-container\">\n\t\t\t\t\t<h3 class=\"elementor-heading-title elementor-size-default\">CUISINE<\/h3>\t\t\t\t<\/div>\n\t\t\t\t<\/div>\n\t\t\t\t<div class=\"elementor-element elementor-element-e35ad5d equal-height elementor-widget elementor-widget-heading\" data-id=\"e35ad5d\" data-element_type=\"widget\" data-widget_type=\"heading.default\">\n\t\t\t\t<div class=\"elementor-widget-container\">\n\t\t\t\t\t<h1 class=\"elementor-heading-title elementor-size-default\">Drake Breakfast<\/h1>\t\t\t\t<\/div>\n\t\t\t\t<\/div>\n\t\t\t\t<div class=\"elementor-element elementor-element-04d88c2 elementor-widget elementor-widget-heading\" data-id=\"04d88c2\" data-element_type=\"widget\" data-widget_type=\"heading.default\">\n\t\t\t\t<div class=\"elementor-widget-container\">\n\t\t\t\t\t<p class=\"elementor-heading-title elementor-size-default\">El desayuno es el comienzo del d\u00eda, y cuando est\u00e1s disfrutando de tus vacaciones so\u00f1adas debe ser un momento especial.<br><br>En el desayuno buffet ofrecemos delicias dulces y saladas para todos los gustos, con las mejores vistas de Ushuaia en cada ventana. Una experiencia en s\u00ed misma, que te invita a comenzar de la mejor manera y planificar un nuevo d\u00eda de aventuras.<\/p>\t\t\t\t<\/div>\n\t\t\t\t<\/div>\n\t\t\t\t\t<\/div>\n\t\t<\/div>\n\t\t\t\t\t<\/div>\n\t\t<\/section>\n\t\t\t\t<\/div>","protected":false},"excerpt":{"rendered":"<p>GASTRONOM\u00cdA Desayunador Drake El desayuno es el comienzo del d\u00eda, y cuando est\u00e1s disfrutando de tus vacaciones so\u00f1adas debe ser un momento especial. En el desayuno buffet ofrecemos delicias dulces y saladas para todos los gustos, con las mejores vistas de Ushuaia en cada ventana. Una experiencia en s\u00ed misma, que te invita a comenzar [&hellip;]<\/p>","protected":false},"author":1,"featured_media":0,"parent":0,"menu_order":0,"comment_status":"closed","ping_status":"closed","template":"","meta":{"footnotes":""},"class_list":["post-10119","page","type-page","status-publish","hentry"],"yoast_head":"<!-- This site is optimized with the Yoast SEO plugin v25.6 - https:\/\/yoast.com\/wordpress\/plugins\/seo\/ -->\n<title>Desayunador Drake - Las Hayas Ushuaia Resort, Hotel de lujo 5 estrellas<\/title>\n<meta name=\"robots\" content=\"index, follow, max-snippet:-1, max-image-preview:large, max-video-preview:-1\" \/>\n<link rel=\"canonical\" href=\"https:\/\/www.lashayas.com.ar\/en\/desayunador-drake\/\" \/>\n<meta property=\"og:locale\" content=\"en_US\" \/>\n<meta property=\"og:type\" content=\"article\" \/>\n<meta property=\"og:title\" content=\"Desayunador Drake - Las Hayas Ushuaia Resort, Hotel de lujo 5 estrellas\" \/>\n<meta property=\"og:description\" content=\"GASTRONOM\u00cdA Desayunador Drake El desayuno es el comienzo del d\u00eda, y cuando est\u00e1s disfrutando de tus vacaciones so\u00f1adas debe ser un momento especial. En el desayuno buffet ofrecemos delicias dulces y saladas para todos los gustos, con las mejores vistas de Ushuaia en cada ventana. Una experiencia en s\u00ed misma, que te invita a comenzar [&hellip;]\" \/>\n<meta property=\"og:url\" content=\"https:\/\/www.lashayas.com.ar\/en\/desayunador-drake\/\" \/>\n<meta property=\"og:site_name\" content=\"Las Hayas Ushuaia Resort, Hotel de lujo 5 estrellas\" \/>\n<meta property=\"article:publisher\" content=\"https:\/\/www.facebook.com\/lashayasushuaiaresort\/\" \/>\n<meta property=\"article:modified_time\" content=\"2025-01-07T15:01:51+00:00\" \/>\n<meta property=\"og:image\" content=\"https:\/\/www.lashayas.com.ar\/wp-content\/uploads\/2025\/01\/JLF_6338-HDR-FILEminimizer_11zon-scaled.jpg\" \/>\n<meta name=\"twitter:card\" content=\"summary_large_image\" \/>\n<meta name=\"twitter:label1\" content=\"Est. reading time\" \/>\n\t<meta name=\"twitter:data1\" content=\"5 minutes\" \/>\n<script type=\"application\/ld+json\" class=\"yoast-schema-graph\">{\"@context\":\"https:\/\/schema.org\",\"@graph\":[{\"@type\":\"WebPage\",\"@id\":\"https:\/\/www.lashayas.com.ar\/desayunador-drake\/\",\"url\":\"https:\/\/www.lashayas.com.ar\/desayunador-drake\/\",\"name\":\"Desayunador Drake - Las Hayas Ushuaia Resort, Hotel de lujo 5 estrellas\",\"isPartOf\":{\"@id\":\"https:\/\/www.lashayas.com.ar\/#website\"},\"primaryImageOfPage\":{\"@id\":\"https:\/\/www.lashayas.com.ar\/desayunador-drake\/#primaryimage\"},\"image\":{\"@id\":\"https:\/\/www.lashayas.com.ar\/desayunador-drake\/#primaryimage\"},\"thumbnailUrl\":\"https:\/\/www.lashayas.com.ar\/wp-content\/uploads\/2025\/01\/JLF_6338-HDR-FILEminimizer_11zon-scaled.jpg\",\"datePublished\":\"2022-09-15T11:56:31+00:00\",\"dateModified\":\"2025-01-07T15:01:51+00:00\",\"breadcrumb\":{\"@id\":\"https:\/\/www.lashayas.com.ar\/desayunador-drake\/#breadcrumb\"},\"inLanguage\":\"en-US\",\"potentialAction\":[{\"@type\":\"ReadAction\",\"target\":[\"https:\/\/www.lashayas.com.ar\/desayunador-drake\/\"]}]},{\"@type\":\"ImageObject\",\"inLanguage\":\"en-US\",\"@id\":\"https:\/\/www.lashayas.com.ar\/desayunador-drake\/#primaryimage\",\"url\":\"https:\/\/www.lashayas.com.ar\/wp-content\/uploads\/2025\/01\/JLF_6338-HDR-FILEminimizer_11zon-scaled.jpg\",\"contentUrl\":\"https:\/\/www.lashayas.com.ar\/wp-content\/uploads\/2025\/01\/JLF_6338-HDR-FILEminimizer_11zon-scaled.jpg\"},{\"@type\":\"BreadcrumbList\",\"@id\":\"https:\/\/www.lashayas.com.ar\/desayunador-drake\/#breadcrumb\",\"itemListElement\":[{\"@type\":\"ListItem\",\"position\":1,\"name\":\"Inicio\",\"item\":\"https:\/\/www.lashayas.com.ar\/\"},{\"@type\":\"ListItem\",\"position\":2,\"name\":\"Desayunador Drake\"}]},{\"@type\":\"WebSite\",\"@id\":\"https:\/\/www.lashayas.com.ar\/#website\",\"url\":\"https:\/\/www.lashayas.com.ar\/\",\"name\":\"Las Hayas Ushuaia Resort, Hotel de lujo 5 estrellas\",\"description\":\"Las Hayas Ushuaia Resort, Hotel de lujo 5 estrellas\",\"publisher\":{\"@id\":\"https:\/\/www.lashayas.com.ar\/#organization\"},\"potentialAction\":[{\"@type\":\"SearchAction\",\"target\":{\"@type\":\"EntryPoint\",\"urlTemplate\":\"https:\/\/www.lashayas.com.ar\/?s={search_term_string}\"},\"query-input\":{\"@type\":\"PropertyValueSpecification\",\"valueRequired\":true,\"valueName\":\"search_term_string\"}}],\"inLanguage\":\"en-US\"},{\"@type\":\"Organization\",\"@id\":\"https:\/\/www.lashayas.com.ar\/#organization\",\"name\":\"Las Hayas Ushuaia Resort, Hotel de lujo 5 estrellas\",\"url\":\"https:\/\/www.lashayas.com.ar\/\",\"logo\":{\"@type\":\"ImageObject\",\"inLanguage\":\"en-US\",\"@id\":\"https:\/\/www.lashayas.com.ar\/#\/schema\/logo\/image\/\",\"url\":\"https:\/\/www.lashayas.com.ar\/wp-content\/uploads\/2023\/02\/0.png\",\"contentUrl\":\"https:\/\/www.lashayas.com.ar\/wp-content\/uploads\/2023\/02\/0.png\",\"width\":410,\"height\":311,\"caption\":\"Las Hayas Ushuaia Resort, Hotel de lujo 5 estrellas\"},\"image\":{\"@id\":\"https:\/\/www.lashayas.com.ar\/#\/schema\/logo\/image\/\"},\"sameAs\":[\"https:\/\/www.facebook.com\/lashayasushuaiaresort\/\"]}]}<\/script>\n<!-- \/ Yoast SEO plugin. -->","yoast_head_json":{"title":"Desayunador Drake - Las Hayas Ushuaia Resort, Hotel de lujo 5 estrellas","robots":{"index":"index","follow":"follow","max-snippet":"max-snippet:-1","max-image-preview":"max-image-preview:large","max-video-preview":"max-video-preview:-1"},"canonical":"https:\/\/www.lashayas.com.ar\/en\/desayunador-drake\/","og_locale":"en_US","og_type":"article","og_title":"Desayunador Drake - Las Hayas Ushuaia Resort, Hotel de lujo 5 estrellas","og_description":"GASTRONOM\u00cdA Desayunador Drake El desayuno es el comienzo del d\u00eda, y cuando est\u00e1s disfrutando de tus vacaciones so\u00f1adas debe ser un momento especial. En el desayuno buffet ofrecemos delicias dulces y saladas para todos los gustos, con las mejores vistas de Ushuaia en cada ventana. Una experiencia en s\u00ed misma, que te invita a comenzar [&hellip;]","og_url":"https:\/\/www.lashayas.com.ar\/en\/desayunador-drake\/","og_site_name":"Las Hayas Ushuaia Resort, Hotel de lujo 5 estrellas","article_publisher":"https:\/\/www.facebook.com\/lashayasushuaiaresort\/","article_modified_time":"2025-01-07T15:01:51+00:00","og_image":[{"url":"https:\/\/www.lashayas.com.ar\/wp-content\/uploads\/2025\/01\/JLF_6338-HDR-FILEminimizer_11zon-scaled.jpg","type":"","width":"","height":""}],"twitter_card":"summary_large_image","twitter_misc":{"Est. reading time":"5 minutes"},"schema":{"@context":"https:\/\/schema.org","@graph":[{"@type":"WebPage","@id":"https:\/\/www.lashayas.com.ar\/desayunador-drake\/","url":"https:\/\/www.lashayas.com.ar\/desayunador-drake\/","name":"Desayunador Drake - Las Hayas Ushuaia Resort, Hotel de lujo 5 estrellas","isPartOf":{"@id":"https:\/\/www.lashayas.com.ar\/#website"},"primaryImageOfPage":{"@id":"https:\/\/www.lashayas.com.ar\/desayunador-drake\/#primaryimage"},"image":{"@id":"https:\/\/www.lashayas.com.ar\/desayunador-drake\/#primaryimage"},"thumbnailUrl":"https:\/\/www.lashayas.com.ar\/wp-content\/uploads\/2025\/01\/JLF_6338-HDR-FILEminimizer_11zon-scaled.jpg","datePublished":"2022-09-15T11:56:31+00:00","dateModified":"2025-01-07T15:01:51+00:00","breadcrumb":{"@id":"https:\/\/www.lashayas.com.ar\/desayunador-drake\/#breadcrumb"},"inLanguage":"en-US","potentialAction":[{"@type":"ReadAction","target":["https:\/\/www.lashayas.com.ar\/desayunador-drake\/"]}]},{"@type":"ImageObject","inLanguage":"en-US","@id":"https:\/\/www.lashayas.com.ar\/desayunador-drake\/#primaryimage","url":"https:\/\/www.lashayas.com.ar\/wp-content\/uploads\/2025\/01\/JLF_6338-HDR-FILEminimizer_11zon-scaled.jpg","contentUrl":"https:\/\/www.lashayas.com.ar\/wp-content\/uploads\/2025\/01\/JLF_6338-HDR-FILEminimizer_11zon-scaled.jpg"},{"@type":"BreadcrumbList","@id":"https:\/\/www.lashayas.com.ar\/desayunador-drake\/#breadcrumb","itemListElement":[{"@type":"ListItem","position":1,"name":"Inicio","item":"https:\/\/www.lashayas.com.ar\/"},{"@type":"ListItem","position":2,"name":"Desayunador Drake"}]},{"@type":"WebSite","@id":"https:\/\/www.lashayas.com.ar\/#website","url":"https:\/\/www.lashayas.com.ar\/","name":"Las Hayas Ushuaia Resort, 5 Star Hotel Luxury in Ushuaia, Argentina. Tremun Hotels","description":"Las Hayas Ushuaia Resort, 5 Star Hotel Luxury in Ushuaia, Argentina. Tremun Hotels","publisher":{"@id":"https:\/\/www.lashayas.com.ar\/#organization"},"potentialAction":[{"@type":"SearchAction","target":{"@type":"EntryPoint","urlTemplate":"https:\/\/www.lashayas.com.ar\/?s={search_term_string}"},"query-input":{"@type":"PropertyValueSpecification","valueRequired":true,"valueName":"search_term_string"}}],"inLanguage":"en-US"},{"@type":"Organization","@id":"https:\/\/www.lashayas.com.ar\/#organization","name":"Las Hayas Ushuaia Resort, 5 Star Hotel Luxury in Ushuaia, Argentina. Tremun Hotels","url":"https:\/\/www.lashayas.com.ar\/","logo":{"@type":"ImageObject","inLanguage":"en-US","@id":"https:\/\/www.lashayas.com.ar\/#\/schema\/logo\/image\/","url":"https:\/\/www.lashayas.com.ar\/wp-content\/uploads\/2023\/02\/0.png","contentUrl":"https:\/\/www.lashayas.com.ar\/wp-content\/uploads\/2023\/02\/0.png","width":410,"height":311,"caption":"Las Hayas Ushuaia Resort, Hotel de lujo 5 estrellas"},"image":{"@id":"https:\/\/www.lashayas.com.ar\/#\/schema\/logo\/image\/"},"sameAs":["https:\/\/www.facebook.com\/lashayasushuaiaresort\/"]}]}},"_links":{"self":[{"href":"http:\/\/www.lashayas.com.ar\/en\/wp-json\/wp\/v2\/pages\/10119","targetHints":{"allow":["GET"]}}],"collection":[{"href":"http:\/\/www.lashayas.com.ar\/en\/wp-json\/wp\/v2\/pages"}],"about":[{"href":"http:\/\/www.lashayas.com.ar\/en\/wp-json\/wp\/v2\/types\/page"}],"author":[{"embeddable":true,"href":"http:\/\/www.lashayas.com.ar\/en\/wp-json\/wp\/v2\/users\/1"}],"replies":[{"embeddable":true,"href":"http:\/\/www.lashayas.com.ar\/en\/wp-json\/wp\/v2\/comments?post=10119"}],"version-history":[{"count":0,"href":"http:\/\/www.lashayas.com.ar\/en\/wp-json\/wp\/v2\/pages\/10119\/revisions"}],"wp:attachment":[{"href":"http:\/\/www.lashayas.com.ar\/en\/wp-json\/wp\/v2\/media?parent=10119"}],"curies":[{"name":"wp","href":"https:\/\/api.w.org\/{rel}","templated":true}]}}