{"id":1680,"date":"2021-05-10T09:57:34","date_gmt":"2021-05-10T09:57:34","guid":{"rendered":"http:\/\/www.nicdarkthemes.com\/themes\/seafood\/wp\/demo\/restaurant\/?page_id=1680"},"modified":"2025-08-05T11:29:14","modified_gmt":"2025-08-05T14:29:14","slug":"ubicacion","status":"publish","type":"page","link":"http:\/\/www.lashayas.com.ar\/en\/ubicacion\/","title":{"rendered":"Ubicacion"},"content":{"rendered":"<div data-elementor-type=\"wp-page\" data-elementor-id=\"1680\" class=\"elementor elementor-1680\" data-elementor-post-type=\"page\">\n\t\t\t\t\t\t<section class=\"elementor-section elementor-top-section elementor-element elementor-element-53887fc elementor-section-full_width fullHeight elementor-section-height-default elementor-section-height-default\" data-id=\"53887fc\" data-element_type=\"section\" data-settings=\"{&quot;background_background&quot;:&quot;classic&quot;}\">\n\t\t\t\t\t\t<div class=\"elementor-container elementor-column-gap-default\">\n\t\t\t\t\t<div class=\"elementor-column elementor-col-66 elementor-top-column elementor-element elementor-element-38fd8d9 full-height\" data-id=\"38fd8d9\" data-element_type=\"column\" data-settings=\"{&quot;background_background&quot;:&quot;classic&quot;}\">\n\t\t\t<div class=\"elementor-widget-wrap elementor-element-populated\">\n\t\t\t\t\t\t<div class=\"elementor-element elementor-element-693070f elementor-widget elementor-widget-html\" data-id=\"693070f\" data-element_type=\"widget\" data-widget_type=\"html.default\">\n\t\t\t\t<div class=\"elementor-widget-container\">\n\t\t\t\t\t<iframe src=\"https:\/\/snazzymaps.com\/embed\/425479\" width=\"100%\" height=\"100%\" style=\"border:none;\"><\/iframe>\t\t\t\t<\/div>\n\t\t\t\t<\/div>\n\t\t\t\t\t<\/div>\n\t\t<\/div>\n\t\t\t\t<div class=\"elementor-column elementor-col-33 elementor-top-column elementor-element elementor-element-d0ac3a5\" data-id=\"d0ac3a5\" data-element_type=\"column\">\n\t\t\t<div class=\"elementor-widget-wrap elementor-element-populated\">\n\t\t\t\t\t\t<div class=\"elementor-element elementor-element-2e24827 elementor-widget elementor-widget-heading\" data-id=\"2e24827\" data-element_type=\"widget\" data-widget_type=\"heading.default\">\n\t\t\t\t<div class=\"elementor-widget-container\">\n\t\t\t\t\t<h3 class=\"elementor-heading-title elementor-size-default\">LOCATION<\/h3>\t\t\t\t<\/div>\n\t\t\t\t<\/div>\n\t\t\t\t<div class=\"elementor-element elementor-element-c314347 elementor-widget elementor-widget-heading\" data-id=\"c314347\" data-element_type=\"widget\" data-widget_type=\"heading.default\">\n\t\t\t\t<div class=\"elementor-widget-container\">\n\t\t\t\t\t<p class=\"elementor-heading-title elementor-size-default\">Escenario<br>privilegiado<\/p>\t\t\t\t<\/div>\n\t\t\t\t<\/div>\n\t\t\t\t<div class=\"elementor-element elementor-element-2c7b3f8 elementor-widget__width-initial elementor-widget-mobile__width-inherit elementor-widget elementor-widget-heading\" data-id=\"2c7b3f8\" data-element_type=\"widget\" data-widget_type=\"heading.default\">\n\t\t\t\t<div class=\"elementor-widget-container\">\n\t\t\t\t\t<p class=\"elementor-heading-title elementor-size-default\">Surrounded by a captivating forest, with views of the majestic peaks of the Andes Mountains and the magnetic deep blue of the Beagle Channel, you will find Las Hayas Ushuaia Resort, a haven of peace at the end of the world.<br><br>\nThe Resort is located inside a Natural Reserve in the mountain, on an area of 5 hectares (12 acres) of Fueguian forest, at 2,5 km (1.5 miles) away from the city center.<br>\n<\/p>\t\t\t\t<\/div>\n\t\t\t\t<\/div>\n\t\t\t\t<div class=\"elementor-element elementor-element-8d3b06c elementor-widget elementor-widget-heading\" data-id=\"8d3b06c\" data-element_type=\"widget\" data-widget_type=\"heading.default\">\n\t\t\t\t<div class=\"elementor-widget-container\">\n\t\t\t\t\t<p class=\"elementor-heading-title elementor-size-default\">SHUTTLE SERVICE TO THE CITY CENTER.<\/p>\t\t\t\t<\/div>\n\t\t\t\t<\/div>\n\t\t\t\t<div class=\"elementor-element elementor-element-524a7de elementor-tablet-align-center elementor-mobile-align-center elementor-widget elementor-widget-button\" data-id=\"524a7de\" data-element_type=\"widget\" data-widget_type=\"button.default\">\n\t\t\t\t<div class=\"elementor-widget-container\">\n\t\t\t\t\t\t\t\t\t<div class=\"elementor-button-wrapper\">\n\t\t\t\t\t<a class=\"elementor-button elementor-button-link elementor-size-sm\" href=\"https:\/\/www.lashayas.com.ar\/en\/cartas\/shuttle-bus.pdf\/\" target=\"_blank\">\n\t\t\t\t\t\t<span class=\"elementor-button-content-wrapper\">\n\t\t\t\t\t\t\t\t\t<span class=\"elementor-button-text\">CHECK TODAY\u2019S TIMETABLES<\/span>\n\t\t\t\t\t<\/span>\n\t\t\t\t\t<\/a>\n\t\t\t\t<\/div>\n\t\t\t\t\t\t\t\t<\/div>\n\t\t\t\t<\/div>\n\t\t\t\t<div class=\"elementor-element elementor-element-c3b9563 elementor-widget elementor-widget-heading\" data-id=\"c3b9563\" data-element_type=\"widget\" data-widget_type=\"heading.default\">\n\t\t\t\t<div class=\"elementor-widget-container\">\n\t\t\t\t\t<p class=\"elementor-heading-title elementor-size-default\">* Servicio de Shuttle sin costo ofrecido por el hotel dentro de los horarios preestablecidos. <br>La capacidad de traslado es de 17 hu\u00e9spedes por servicio. No se reservan lugares <br>ni se trasladan personas paradas.<\/p>\t\t\t\t<\/div>\n\t\t\t\t<\/div>\n\t\t\t\t\t<\/div>\n\t\t<\/div>\n\t\t\t\t\t<\/div>\n\t\t<\/section>\n\t\t\t\t<section class=\"elementor-section elementor-top-section elementor-element elementor-element-6724c68 elementor-hidden-tablet elementor-section-full_width elementor-section-height-default elementor-section-height-default\" data-id=\"6724c68\" data-element_type=\"section\" data-settings=\"{&quot;background_background&quot;:&quot;classic&quot;}\">\n\t\t\t\t\t\t\t<div class=\"elementor-background-overlay\"><\/div>\n\t\t\t\t\t\t\t<div class=\"elementor-container elementor-column-gap-default\">\n\t\t\t\t\t<div class=\"elementor-column elementor-col-100 elementor-top-column elementor-element elementor-element-914fa3e\" data-id=\"914fa3e\" data-element_type=\"column\">\n\t\t\t<div class=\"elementor-widget-wrap elementor-element-populated\">\n\t\t\t\t\t\t<div class=\"elementor-element elementor-element-059f65e elementor-widget elementor-widget-bookingform\" data-id=\"059f65e\" data-element_type=\"widget\" data-widget_type=\"bookingform.default\">\n\t\t\t\t<div class=\"elementor-widget-container\">\n\t\t\t\t\t\n\n  \n  <div class=\"nd_rst_section nd_rst_bookingform_component\">\n    \n\n    <form action=\"https:\/\/www.todoalojamiento.com\/portal\/es-es\/\" method=\"get\">\n\n\n      <!--NEW date-->\n      <div class=\"nd_rst_width_custom_percentage nd_rst_width_100_percentage_all_iphone nd_rst_float_left nd_rst_box_sizing_border_box\">\n\n\n          <div id=\"nd_rst_open_calendar_from\" class=\"nd_rst_section nd_rst_box_sizing_border_box  nd_rst_cursor_pointer\">\n            <div class=\"nd_rst_section  nd_rst_box_sizing_border_box\">\n             \n           \n              <div class=\"nd_rst_display_inline_flex custom-booking-input\">\n                \n                <div class=\"nd_rst_float_left nd_rst_text_align_right display-flex-row\">\n                  <span>CHECK-IN<\/span> <span id=\"nd_rst_date_number_from_front\" class=\"custom-reservation nd_rst_font_weight_300 nd_rst_line_height_1 nd_rst_font_size_50 nd_options_color_greydark\">16<\/span>\n                <\/div>\n                \n                <div class=\"nd_rst_float_right nd_rst_text_align_center nd_rst_margin_left_10\">\n                    <div id=\"nd_rst_date_month_from_front\" class=\"nd_options_color_grey nd_rst_margin_top_4 nd_rst_font_size_12\">Apr<\/div>\n                    \n                    <img decoding=\"async\" class=\"nd_rst_margin_bottom_10\" alt=\"\" width=\"8\" src=\"https:\/\/www.lashayas.com.ar\/wp-content\/uploads\/2022\/07\/down.png\">\n                <\/div>\n\n              <\/div>\n            <\/div>\n          <\/div>\n          <input type=\"hidden\" name=\"idHotel\" value=\"11\">\n          <input type=\"hidden\" id=\"nd_rst_date_month_from\" class=\"nd_rst_section nd_rst_margin_top_20\" value=\"Apr\">\n          <input type=\"hidden\" id=\"nd_rst_date_number_from\" class=\"nd_rst_section nd_rst_margin_top_20\" value=\"16\">\n          <input class=\"nd_rst_section nd_rst_border_width_0_important nd_rst_padding_0_important nd_rst_height_0_important\" type=\"text\" name=\"fechaDesde\" id=\"nd_rst_send_date\" value=\"2026-04-16\" \/>\n      \n      <\/div>\n      <!--NEW date-->\n\n      <!--NEW date-->\n      <div class=\"nd_rst_width_custom_percentage nd_rst_width_100_percentage_all_iphone nd_rst_float_left nd_rst_box_sizing_border_box\">\n\n\n          <div id=\"nd_rst_open_calendar_to\" class=\"nd_rst_section nd_rst_box_sizing_border_box  nd_rst_cursor_pointer\">\n            <div class=\"nd_rst_section  nd_rst_box_sizing_border_box\">\n             \n           \n              <div class=\"nd_rst_display_inline_flex custom-booking-input\">\n                \n                <div class=\"nd_rst_float_left nd_rst_text_align_right display-flex-row\">\n                  <span>CHECK-OUT<\/span> <span id=\"nd_rst_date_number_from_to\" class=\"custom-reservation nd_rst_font_weight_300 nd_rst_line_height_1 nd_rst_font_size_50 nd_options_color_greydark\">16<\/span>\n                <\/div>\n                \n                <div class=\"nd_rst_float_right nd_rst_text_align_center nd_rst_margin_left_10\">\n                    <div id=\"nd_rst_date_month_to_front\" class=\"nd_options_color_grey nd_rst_margin_top_4 nd_rst_font_size_12\">Apr<\/div>\n                    <div class=\"nd_rst_section nd_rst_height_5\"><\/div>\n                    <img decoding=\"async\" class=\"nd_rst_margin_bottom_10\" alt=\"\" width=\"8\" src=\"https:\/\/www.lashayas.com.ar\/wp-content\/uploads\/2022\/07\/down.png\">\n                <\/div>\n\n              <\/div>\n            <\/div>\n          <\/div>\n          \n\n\n          <input type=\"hidden\" id=\"nd_rst_date_month_to\" class=\"nd_rst_section nd_rst_margin_top_20\" value=\"Apr\">\n          <input type=\"hidden\" id=\"nd_rst_date_number_to\" class=\"nd_rst_section nd_rst_margin_top_20\" value=\"16\">\n        \n          <input class=\"nd_rst_section nd_rst_border_width_0_important nd_rst_padding_0_important nd_rst_height_0_important\" type=\"text\" name=\"fechaHasta\" id=\"nd_rst_send_date2\" value=\"2026-04-16\" \/>\n          <input type=\"hidden\" name=\"forzarLimpiar\" value=\"true\">\n      \n      <\/div>\n      <!--NEW date-->\n\n\n       <!--habitacion-->\n        <div class=\"nd_rst_width_custom_percentage  nd_rst_width_100_percentage_all_iphone nd_rst_float_left  nd_rst_box_sizing_border_box\">\n            <div class=\"nd_rst_section  nd_rst_box_sizing_border_box\">\n              <div class=\"nd_rst_section  nd_rst_box_sizing_border_box\">\n               \n                \n                <div class=\"nd_rst_display_inline_flex custom-booking-input\">\n                  <div class=\"nd_rst_float_left nd_rst_text_align_right display-flex-row\">\n                  \n                      <span class=\"no-margin\">ROOMS &amp; SUITES <\/span><span class=\"custom-reservation nd_rst_line_height_1 nd_rst_font_size_50 nd_rst_color_greydark nd_rst_font_weight_300 nd_rst_guests_number3 nd_rst_min_width_35 nd_rst_text_align_center\">1<\/span>\n                  <\/div>\n                  <div class=\"display-flex-column\">\n                                          \n                   \n                          <img decoding=\"async\" class=\"nd_rst_guests_increase3 nd_rst_cursor_pointer rotate180\" alt=\"\" width=\"8\" src=\"https:\/\/www.lashayas.com.ar\/wp-content\/uploads\/2022\/07\/down.png\">\n                   \n                          <img decoding=\"async\" class=\"nd_rst_guests_decrease3 nd_rst_cursor_pointer\" alt=\"\" width=\"8\" src=\"https:\/\/www.lashayas.com.ar\/wp-content\/uploads\/2022\/07\/down.png\">\n                   \n                  <\/div>\n                <\/div>\n              <\/div> \n            <\/div>\n\n            <input class=\"nd_rst_section nd_rst_display_none\" type=\"number\" name=\"cantHabitaciones\" id=\"cantHabitaciones\" min=\"1\" value=\"1\" \/>\n        <\/div>\n\n         <!--habitacion-->\n\n\n\n\n\n\n\n        <!--guests-->\n        <div class=\"nd_rst_width_custom_percentage  nd_rst_width_100_percentage_all_iphone nd_rst_float_left  nd_rst_box_sizing_border_box\">\n            <div class=\"nd_rst_section  nd_rst_box_sizing_border_box\">\n              <div class=\"nd_rst_section  nd_rst_box_sizing_border_box\">\n               \n                \n                <div class=\"nd_rst_display_inline_flex custom-booking-input\">\n                  <div class=\"nd_rst_float_left nd_rst_text_align_right display-flex-row\">\n                      <span>ADULTO <\/span><span class=\"custom-reservation nd_rst_line_height_1 nd_rst_font_size_50 nd_rst_color_greydark nd_rst_font_weight_300 nd_rst_guests_number nd_rst_min_width_35 nd_rst_text_align_center\">1<\/span>\n                  <\/div>\n                  <div class=\"display-flex-column\">\n                                          \n                   \n                          <img decoding=\"async\" class=\"nd_rst_guests_increase nd_rst_cursor_pointer rotate180\" alt=\"\" width=\"8\" src=\"https:\/\/www.lashayas.com.ar\/wp-content\/uploads\/2022\/07\/down.png\">\n                   \n                          <img decoding=\"async\" class=\"nd_rst_guests_decrease nd_rst_cursor_pointer\" alt=\"\" width=\"8\" src=\"https:\/\/www.lashayas.com.ar\/wp-content\/uploads\/2022\/07\/down.png\">\n                   \n                  <\/div>\n                <\/div>\n              <\/div> \n            <\/div>\n\n            <input class=\"nd_rst_section nd_rst_display_none\" type=\"number\" name=\"adultos\" id=\"nd_rst_send_guests\" min=\"1\" value=\"1\" \/>\n        <\/div>\n\n         <!--guests-->\n\n\n          <!--guests-->\n        <div class=\"nd_rst_width_custom_percentage  nd_rst_width_100_percentage_all_iphone nd_rst_float_left  nd_rst_box_sizing_border_box\">\n            <div class=\"nd_rst_section  nd_rst_box_sizing_border_box\">\n              <div class=\"nd_rst_section  nd_rst_box_sizing_border_box\">\n               \n                \n                <div class=\"nd_rst_display_inline_flex custom-booking-input\">\n                  <div class=\"nd_rst_float_left nd_rst_text_align_right display-flex-row\">\n                      <span>CHILDREN <\/span><span class=\"custom-reservation nd_rst_line_height_1 nd_rst_font_size_50 nd_rst_color_greydark nd_rst_font_weight_300 nd_rst_guests_number2 nd_rst_min_width_35 nd_rst_text_align_center\">0<\/span>\n                  <\/div>\n                  <div class=\"display-flex-column\">\n                      \n                          <img decoding=\"async\" class=\"nd_rst_guests_increase2 nd_rst_cursor_pointer rotate180\" alt=\"\" width=\"8\" src=\"https:\/\/www.lashayas.com.ar\/wp-content\/uploads\/2022\/07\/down.png\">\n                          <img decoding=\"async\" class=\"nd_rst_guests_decrease2 nd_rst_cursor_pointer\" alt=\"\" width=\"8\" src=\"https:\/\/www.lashayas.com.ar\/wp-content\/uploads\/2022\/07\/down.png\">\n                    \n                  <\/div>\n                <\/div>\n              <\/div> \n            <\/div>\n\n            <input class=\"nd_rst_section nd_rst_display_none\" type=\"number\" name=\"ninios\" id=\"nd_rst_send_guests2\" min=\"0\" value=\"0\" \/>\n              <input type=\"hidden\" name=\"monedaISO\" value=\"ARS\">\n              \n        <\/div>\n\n         <!--guests-->\n\n        \n\n\n\n\n      <div class=\"nd_rst_width_custom_percentage nd_rst_width_100_percentage_all_iphone  nd_rst_float_left width100\">\n        <input class=\"custom-button  nd_rst_white_space_normal  nd_rst_letter_spacing_2 nd_rst_font_size_15 nd_rst_line_height_1_5 nd_rst_padding_10_30_important\" type=\"submit\" value=\"BOOK THE ROOM\">\n      <\/div>\n\n    <\/form>\n\n  <\/div>\t\t\t\t<\/div>\n\t\t\t\t<\/div>\n\t\t\t\t\t<\/div>\n\t\t<\/div>\n\t\t\t\t\t<\/div>\n\t\t<\/section>\n\t\t\t\t<\/div>","protected":false},"excerpt":{"rendered":"<p>UBICACI\u00d3N Escenarioprivilegiado Rodeado de un bosque cautivante, con vistas a los picos majestuosos de la cordillera de Los Andes y al magn\u00e9tico azul profundo del Canal del Beagle, se encuentra Las Hayas Ushuaia Resort, un remanso de paz en los \u00faltimos confines de la tierra. Ubicado en una Reserva Natural de monta\u00f1a, emplazada en un [&hellip;]<\/p>","protected":false},"author":1,"featured_media":0,"parent":0,"menu_order":0,"comment_status":"closed","ping_status":"closed","template":"","meta":{"footnotes":""},"class_list":["post-1680","page","type-page","status-publish","hentry"],"yoast_head":"<!-- This site is optimized with the Yoast SEO plugin v25.6 - https:\/\/yoast.com\/wordpress\/plugins\/seo\/ -->\n<title>Ubicacion - Las Hayas Ushuaia Resort, Hotel de lujo 5 estrellas<\/title>\n<meta name=\"robots\" content=\"index, follow, max-snippet:-1, max-image-preview:large, max-video-preview:-1\" \/>\n<link rel=\"canonical\" href=\"https:\/\/www.lashayas.com.ar\/en\/ubicacion\/\" \/>\n<meta property=\"og:locale\" content=\"en_US\" \/>\n<meta property=\"og:type\" content=\"article\" \/>\n<meta property=\"og:title\" content=\"Ubicacion - Las Hayas Ushuaia Resort, Hotel de lujo 5 estrellas\" \/>\n<meta property=\"og:description\" content=\"UBICACI\u00d3N Escenarioprivilegiado Rodeado de un bosque cautivante, con vistas a los picos majestuosos de la cordillera de Los Andes y al magn\u00e9tico azul profundo del Canal del Beagle, se encuentra Las Hayas Ushuaia Resort, un remanso de paz en los \u00faltimos confines de la tierra. Ubicado en una Reserva Natural de monta\u00f1a, emplazada en un [&hellip;]\" \/>\n<meta property=\"og:url\" content=\"https:\/\/www.lashayas.com.ar\/en\/ubicacion\/\" \/>\n<meta property=\"og:site_name\" content=\"Las Hayas Ushuaia Resort, Hotel de lujo 5 estrellas\" \/>\n<meta property=\"article:publisher\" content=\"https:\/\/www.facebook.com\/lashayasushuaiaresort\/\" \/>\n<meta property=\"article:modified_time\" content=\"2025-08-05T14:29:14+00:00\" \/>\n<meta property=\"og:image\" content=\"https:\/\/www.lashayas.com.ar\/wp-content\/uploads\/2022\/07\/down.png\" \/>\n<meta name=\"twitter:card\" content=\"summary_large_image\" \/>\n<meta name=\"twitter:label1\" content=\"Est. reading time\" \/>\n\t<meta name=\"twitter:data1\" content=\"1 minute\" \/>\n<script type=\"application\/ld+json\" class=\"yoast-schema-graph\">{\"@context\":\"https:\/\/schema.org\",\"@graph\":[{\"@type\":\"WebPage\",\"@id\":\"https:\/\/www.lashayas.com.ar\/ubicacion\/\",\"url\":\"https:\/\/www.lashayas.com.ar\/ubicacion\/\",\"name\":\"Ubicacion - Las Hayas Ushuaia Resort, Hotel de lujo 5 estrellas\",\"isPartOf\":{\"@id\":\"https:\/\/www.lashayas.com.ar\/#website\"},\"primaryImageOfPage\":{\"@id\":\"https:\/\/www.lashayas.com.ar\/ubicacion\/#primaryimage\"},\"image\":{\"@id\":\"https:\/\/www.lashayas.com.ar\/ubicacion\/#primaryimage\"},\"thumbnailUrl\":\"https:\/\/www.lashayas.com.ar\/wp-content\/uploads\/2022\/07\/down.png\",\"datePublished\":\"2021-05-10T09:57:34+00:00\",\"dateModified\":\"2025-08-05T14:29:14+00:00\",\"breadcrumb\":{\"@id\":\"https:\/\/www.lashayas.com.ar\/ubicacion\/#breadcrumb\"},\"inLanguage\":\"en-US\",\"potentialAction\":[{\"@type\":\"ReadAction\",\"target\":[\"https:\/\/www.lashayas.com.ar\/ubicacion\/\"]}]},{\"@type\":\"ImageObject\",\"inLanguage\":\"en-US\",\"@id\":\"https:\/\/www.lashayas.com.ar\/ubicacion\/#primaryimage\",\"url\":\"https:\/\/www.lashayas.com.ar\/wp-content\/uploads\/2022\/07\/down.png\",\"contentUrl\":\"https:\/\/www.lashayas.com.ar\/wp-content\/uploads\/2022\/07\/down.png\"},{\"@type\":\"BreadcrumbList\",\"@id\":\"https:\/\/www.lashayas.com.ar\/ubicacion\/#breadcrumb\",\"itemListElement\":[{\"@type\":\"ListItem\",\"position\":1,\"name\":\"Inicio\",\"item\":\"https:\/\/www.lashayas.com.ar\/\"},{\"@type\":\"ListItem\",\"position\":2,\"name\":\"Ubicacion\"}]},{\"@type\":\"WebSite\",\"@id\":\"https:\/\/www.lashayas.com.ar\/#website\",\"url\":\"https:\/\/www.lashayas.com.ar\/\",\"name\":\"Las Hayas Ushuaia Resort, Hotel de lujo 5 estrellas\",\"description\":\"Las Hayas Ushuaia Resort, Hotel de lujo 5 estrellas\",\"publisher\":{\"@id\":\"https:\/\/www.lashayas.com.ar\/#organization\"},\"potentialAction\":[{\"@type\":\"SearchAction\",\"target\":{\"@type\":\"EntryPoint\",\"urlTemplate\":\"https:\/\/www.lashayas.com.ar\/?s={search_term_string}\"},\"query-input\":{\"@type\":\"PropertyValueSpecification\",\"valueRequired\":true,\"valueName\":\"search_term_string\"}}],\"inLanguage\":\"en-US\"},{\"@type\":\"Organization\",\"@id\":\"https:\/\/www.lashayas.com.ar\/#organization\",\"name\":\"Las Hayas Ushuaia Resort, Hotel de lujo 5 estrellas\",\"url\":\"https:\/\/www.lashayas.com.ar\/\",\"logo\":{\"@type\":\"ImageObject\",\"inLanguage\":\"en-US\",\"@id\":\"https:\/\/www.lashayas.com.ar\/#\/schema\/logo\/image\/\",\"url\":\"https:\/\/www.lashayas.com.ar\/wp-content\/uploads\/2023\/02\/0.png\",\"contentUrl\":\"https:\/\/www.lashayas.com.ar\/wp-content\/uploads\/2023\/02\/0.png\",\"width\":410,\"height\":311,\"caption\":\"Las Hayas Ushuaia Resort, Hotel de lujo 5 estrellas\"},\"image\":{\"@id\":\"https:\/\/www.lashayas.com.ar\/#\/schema\/logo\/image\/\"},\"sameAs\":[\"https:\/\/www.facebook.com\/lashayasushuaiaresort\/\"]}]}<\/script>\n<!-- \/ Yoast SEO plugin. -->","yoast_head_json":{"title":"Ubicacion - Las Hayas Ushuaia Resort, Hotel de lujo 5 estrellas","robots":{"index":"index","follow":"follow","max-snippet":"max-snippet:-1","max-image-preview":"max-image-preview:large","max-video-preview":"max-video-preview:-1"},"canonical":"https:\/\/www.lashayas.com.ar\/en\/ubicacion\/","og_locale":"en_US","og_type":"article","og_title":"Ubicacion - Las Hayas Ushuaia Resort, Hotel de lujo 5 estrellas","og_description":"UBICACI\u00d3N Escenarioprivilegiado Rodeado de un bosque cautivante, con vistas a los picos majestuosos de la cordillera de Los Andes y al magn\u00e9tico azul profundo del Canal del Beagle, se encuentra Las Hayas Ushuaia Resort, un remanso de paz en los \u00faltimos confines de la tierra. Ubicado en una Reserva Natural de monta\u00f1a, emplazada en un [&hellip;]","og_url":"https:\/\/www.lashayas.com.ar\/en\/ubicacion\/","og_site_name":"Las Hayas Ushuaia Resort, Hotel de lujo 5 estrellas","article_publisher":"https:\/\/www.facebook.com\/lashayasushuaiaresort\/","article_modified_time":"2025-08-05T14:29:14+00:00","og_image":[{"url":"https:\/\/www.lashayas.com.ar\/wp-content\/uploads\/2022\/07\/down.png","type":"","width":"","height":""}],"twitter_card":"summary_large_image","twitter_misc":{"Est. reading time":"1 minute"},"schema":{"@context":"https:\/\/schema.org","@graph":[{"@type":"WebPage","@id":"https:\/\/www.lashayas.com.ar\/ubicacion\/","url":"https:\/\/www.lashayas.com.ar\/ubicacion\/","name":"Ubicacion - Las Hayas Ushuaia Resort, Hotel de lujo 5 estrellas","isPartOf":{"@id":"https:\/\/www.lashayas.com.ar\/#website"},"primaryImageOfPage":{"@id":"https:\/\/www.lashayas.com.ar\/ubicacion\/#primaryimage"},"image":{"@id":"https:\/\/www.lashayas.com.ar\/ubicacion\/#primaryimage"},"thumbnailUrl":"https:\/\/www.lashayas.com.ar\/wp-content\/uploads\/2022\/07\/down.png","datePublished":"2021-05-10T09:57:34+00:00","dateModified":"2025-08-05T14:29:14+00:00","breadcrumb":{"@id":"https:\/\/www.lashayas.com.ar\/ubicacion\/#breadcrumb"},"inLanguage":"en-US","potentialAction":[{"@type":"ReadAction","target":["https:\/\/www.lashayas.com.ar\/ubicacion\/"]}]},{"@type":"ImageObject","inLanguage":"en-US","@id":"https:\/\/www.lashayas.com.ar\/ubicacion\/#primaryimage","url":"https:\/\/www.lashayas.com.ar\/wp-content\/uploads\/2022\/07\/down.png","contentUrl":"https:\/\/www.lashayas.com.ar\/wp-content\/uploads\/2022\/07\/down.png"},{"@type":"BreadcrumbList","@id":"https:\/\/www.lashayas.com.ar\/ubicacion\/#breadcrumb","itemListElement":[{"@type":"ListItem","position":1,"name":"Inicio","item":"https:\/\/www.lashayas.com.ar\/"},{"@type":"ListItem","position":2,"name":"Ubicacion"}]},{"@type":"WebSite","@id":"https:\/\/www.lashayas.com.ar\/#website","url":"https:\/\/www.lashayas.com.ar\/","name":"Las Hayas Ushuaia Resort, 5 Star Hotel Luxury in Ushuaia, Argentina. Tremun Hotels","description":"Las Hayas Ushuaia Resort, 5 Star Hotel Luxury in Ushuaia, Argentina. Tremun Hotels","publisher":{"@id":"https:\/\/www.lashayas.com.ar\/#organization"},"potentialAction":[{"@type":"SearchAction","target":{"@type":"EntryPoint","urlTemplate":"https:\/\/www.lashayas.com.ar\/?s={search_term_string}"},"query-input":{"@type":"PropertyValueSpecification","valueRequired":true,"valueName":"search_term_string"}}],"inLanguage":"en-US"},{"@type":"Organization","@id":"https:\/\/www.lashayas.com.ar\/#organization","name":"Las Hayas Ushuaia Resort, 5 Star Hotel Luxury in Ushuaia, Argentina. Tremun Hotels","url":"https:\/\/www.lashayas.com.ar\/","logo":{"@type":"ImageObject","inLanguage":"en-US","@id":"https:\/\/www.lashayas.com.ar\/#\/schema\/logo\/image\/","url":"https:\/\/www.lashayas.com.ar\/wp-content\/uploads\/2023\/02\/0.png","contentUrl":"https:\/\/www.lashayas.com.ar\/wp-content\/uploads\/2023\/02\/0.png","width":410,"height":311,"caption":"Las Hayas Ushuaia Resort, Hotel de lujo 5 estrellas"},"image":{"@id":"https:\/\/www.lashayas.com.ar\/#\/schema\/logo\/image\/"},"sameAs":["https:\/\/www.facebook.com\/lashayasushuaiaresort\/"]}]}},"_links":{"self":[{"href":"http:\/\/www.lashayas.com.ar\/en\/wp-json\/wp\/v2\/pages\/1680","targetHints":{"allow":["GET"]}}],"collection":[{"href":"http:\/\/www.lashayas.com.ar\/en\/wp-json\/wp\/v2\/pages"}],"about":[{"href":"http:\/\/www.lashayas.com.ar\/en\/wp-json\/wp\/v2\/types\/page"}],"author":[{"embeddable":true,"href":"http:\/\/www.lashayas.com.ar\/en\/wp-json\/wp\/v2\/users\/1"}],"replies":[{"embeddable":true,"href":"http:\/\/www.lashayas.com.ar\/en\/wp-json\/wp\/v2\/comments?post=1680"}],"version-history":[{"count":0,"href":"http:\/\/www.lashayas.com.ar\/en\/wp-json\/wp\/v2\/pages\/1680\/revisions"}],"wp:attachment":[{"href":"http:\/\/www.lashayas.com.ar\/en\/wp-json\/wp\/v2\/media?parent=1680"}],"curies":[{"name":"wp","href":"https:\/\/api.w.org\/{rel}","templated":true}]}}