{"id":10116,"date":"2022-09-15T08:53:25","date_gmt":"2022-09-15T11:53:25","guid":{"rendered":"https:\/\/www.lashayas.com.ar\/?page_id=10116"},"modified":"2025-01-07T11:48:25","modified_gmt":"2025-01-07T14:48:25","slug":"jauke-bistro-cocktail","status":"publish","type":"page","link":"http:\/\/www.lashayas.com.ar\/pt\/jauke-bistro-cocktail\/","title":{"rendered":"Jauke Bistro &#038; Cocktail"},"content":{"rendered":"<div data-elementor-type=\"wp-page\" data-elementor-id=\"10116\" class=\"elementor elementor-10116\" data-elementor-post-type=\"page\">\n\t\t\t\t\t\t<section class=\"elementor-section elementor-top-section elementor-element elementor-element-e5d0510 elementor-section-full_width elementor-section-height-default elementor-section-height-default\" data-id=\"e5d0510\" data-element_type=\"section\" data-settings=\"{&quot;background_background&quot;:&quot;classic&quot;}\">\n\t\t\t\t\t\t<div class=\"elementor-container elementor-column-gap-default\">\n\t\t\t\t\t<div class=\"elementor-column elementor-col-66 elementor-top-column elementor-element elementor-element-cfc866a\" data-id=\"cfc866a\" data-element_type=\"column\" data-settings=\"{&quot;background_background&quot;:&quot;classic&quot;}\">\n\t\t\t<div class=\"elementor-widget-wrap elementor-element-populated\">\n\t\t\t\t\t\t<div class=\"elementor-element elementor-element-b9fb6f2 elementor-widget elementor-widget-image-carousel\" data-id=\"b9fb6f2\" data-element_type=\"widget\" data-settings=\"{&quot;slides_to_show&quot;:&quot;1&quot;,&quot;navigation&quot;:&quot;none&quot;,&quot;autoplay&quot;:&quot;yes&quot;,&quot;pause_on_hover&quot;:&quot;yes&quot;,&quot;pause_on_interaction&quot;:&quot;yes&quot;,&quot;autoplay_speed&quot;:5000,&quot;infinite&quot;:&quot;yes&quot;,&quot;effect&quot;:&quot;slide&quot;,&quot;speed&quot;:500}\" data-widget_type=\"image-carousel.default\">\n\t\t\t\t<div class=\"elementor-widget-container\">\n\t\t\t\t\t\t\t<div class=\"elementor-image-carousel-wrapper swiper\" role=\"region\" aria-roledescription=\"carousel\" aria-label=\"Carrossel de imagens\" dir=\"ltr\">\n\t\t\t<div class=\"elementor-image-carousel swiper-wrapper swiper-image-stretch\" aria-live=\"off\">\n\t\t\t\t\t\t\t\t<div class=\"swiper-slide\" role=\"group\" aria-roledescription=\"slide\" aria-label=\"1 de 8\"><figure class=\"swiper-slide-inner\"><img decoding=\"async\" class=\"swiper-slide-image\" src=\"https:\/\/www.lashayas.com.ar\/wp-content\/uploads\/2025\/01\/JLF_6397-HDR-2-FILEminimizer_1_11zon-scaled.jpg\" alt=\"JLF_6397-HDR-2 (FILEminimizer)_1_11zon\" \/><\/figure><\/div><div class=\"swiper-slide\" role=\"group\" aria-roledescription=\"slide\" aria-label=\"2 de 8\"><figure class=\"swiper-slide-inner\"><img decoding=\"async\" class=\"swiper-slide-image\" src=\"https:\/\/www.lashayas.com.ar\/wp-content\/uploads\/2022\/09\/DSC2635.jpg\" alt=\"_DSC2635\" \/><\/figure><\/div><div class=\"swiper-slide\" role=\"group\" aria-roledescription=\"slide\" aria-label=\"3 de 8\"><figure class=\"swiper-slide-inner\"><img decoding=\"async\" class=\"swiper-slide-image\" src=\"https:\/\/www.lashayas.com.ar\/wp-content\/uploads\/2025\/01\/jaule-6_11zon-scaled.jpg\" alt=\"jaule - 6_11zon\" \/><\/figure><\/div><div class=\"swiper-slide\" role=\"group\" aria-roledescription=\"slide\" aria-label=\"4 de 8\"><figure class=\"swiper-slide-inner\"><img decoding=\"async\" class=\"swiper-slide-image\" src=\"https:\/\/www.lashayas.com.ar\/wp-content\/uploads\/2025\/01\/jaule-5_11zon.jpg\" alt=\"jaule - 5_11zon\" \/><\/figure><\/div><div class=\"swiper-slide\" role=\"group\" aria-roledescription=\"slide\" aria-label=\"5 de 8\"><figure class=\"swiper-slide-inner\"><img decoding=\"async\" class=\"swiper-slide-image\" src=\"https:\/\/www.lashayas.com.ar\/wp-content\/uploads\/2022\/09\/DSC2644-1.jpg\" alt=\"_DSC2644 (1)\" \/><\/figure><\/div><div class=\"swiper-slide\" role=\"group\" aria-roledescription=\"slide\" aria-label=\"6 de 8\"><figure class=\"swiper-slide-inner\"><img decoding=\"async\" class=\"swiper-slide-image\" src=\"https:\/\/www.lashayas.com.ar\/wp-content\/uploads\/2022\/09\/DSC_4305.jpg\" alt=\"DSC_4305\" \/><\/figure><\/div><div class=\"swiper-slide\" role=\"group\" aria-roledescription=\"slide\" aria-label=\"7 de 8\"><figure class=\"swiper-slide-inner\"><img decoding=\"async\" class=\"swiper-slide-image\" src=\"https:\/\/www.lashayas.com.ar\/wp-content\/uploads\/2022\/09\/DSC8284.jpg\" alt=\"_DSC8284\" \/><\/figure><\/div><div class=\"swiper-slide\" role=\"group\" aria-roledescription=\"slide\" aria-label=\"8 de 8\"><figure class=\"swiper-slide-inner\"><img decoding=\"async\" class=\"swiper-slide-image\" src=\"https:\/\/www.lashayas.com.ar\/wp-content\/uploads\/2025\/01\/jaule-10_11zon.jpg\" alt=\"jaule - 10_11zon\" \/><\/figure><\/div>\t\t\t<\/div>\n\t\t\t\t\t\t\t\n\t\t\t\t\t\t\t\t\t<\/div>\n\t\t\t\t\t\t<\/div>\n\t\t\t\t<\/div>\n\t\t\t\t\t<\/div>\n\t\t<\/div>\n\t\t\t\t<div class=\"elementor-column elementor-col-33 elementor-top-column elementor-element elementor-element-47ef5c6\" data-id=\"47ef5c6\" data-element_type=\"column\" data-settings=\"{&quot;background_background&quot;:&quot;classic&quot;}\">\n\t\t\t<div class=\"elementor-widget-wrap elementor-element-populated\">\n\t\t\t\t\t<div class=\"elementor-background-overlay\"><\/div>\n\t\t\t\t\t\t<div class=\"elementor-element elementor-element-52a2135 elementor-widget elementor-widget-heading\" data-id=\"52a2135\" data-element_type=\"widget\" data-widget_type=\"heading.default\">\n\t\t\t\t<div class=\"elementor-widget-container\">\n\t\t\t\t\t<h3 class=\"elementor-heading-title elementor-size-default\">GASTRONOMIA<\/h3>\t\t\t\t<\/div>\n\t\t\t\t<\/div>\n\t\t\t\t<div class=\"elementor-element elementor-element-174e940 equal-height elementor-widget elementor-widget-heading\" data-id=\"174e940\" data-element_type=\"widget\" data-widget_type=\"heading.default\">\n\t\t\t\t<div class=\"elementor-widget-container\">\n\t\t\t\t\t<h1 class=\"elementor-heading-title elementor-size-default\">Jauke Bistr\u00f3 &amp; Cocktail<\/h1>\t\t\t\t<\/div>\n\t\t\t\t<\/div>\n\t\t\t\t<div class=\"elementor-element elementor-element-4a9f521 elementor-widget elementor-widget-heading\" data-id=\"4a9f521\" data-element_type=\"widget\" data-widget_type=\"heading.default\">\n\t\t\t\t<div class=\"elementor-widget-container\">\n\t\t\t\t\t<p class=\"elementor-heading-title elementor-size-default\">Se voc\u00ea vier ao Las Hayas Resort n\u00e3o pode perder o nosso Jauke Bistr\u00f4 Cocktail Bar.<br><br>\nUm espa\u00e7o sofisticado com um card\u00e1pio que inclui hamb\u00fargueres, sandu\u00edches e saladas gourmet, como excelentes alternativas para o almo\u00e7o ou um jantar leve. Temos op\u00e7\u00f5es para todos os gostos, em um ambiente descontra\u00eddo e familiar.<br><br>\n\nAproveite uma tarde de uma ampla sele\u00e7\u00e3o de maltas e destilados cuidadosamente combinados e transformados em coquet\u00e9is originais. \nEste variado card\u00e1pio de bebidas tamb\u00e9m inclui cervejas artesanais produzidas localmente, vinhos e espumantes.\n<\/p>\t\t\t\t<\/div>\n\t\t\t\t<\/div>\n\t\t\t\t\t<\/div>\n\t\t<\/div>\n\t\t\t\t\t<\/div>\n\t\t<\/section>\n\t\t\t\t<\/div>","protected":false},"excerpt":{"rendered":"<p>GASTRONOM\u00cdA Jauke Bistr\u00f3 &amp; Cocktail Si ven\u00eds a Las Hayas Resort no pod\u00e9s dejar de visitar nuestro Jauke Bistr\u00f3 Cocktail Bar. Un espacio sofisticado con una carta que incluye hamburguesas, s\u00e1ndwiches y ensaladas gourmet, como excelentes alternativas para el almuerzo o para una cena ligera. Contamos con opciones para todos los gustos, en un ambiente [&hellip;]<\/p>","protected":false},"author":1,"featured_media":0,"parent":0,"menu_order":0,"comment_status":"closed","ping_status":"closed","template":"","meta":{"footnotes":""},"class_list":["post-10116","page","type-page","status-publish","hentry"],"yoast_head":"<!-- This site is optimized with the Yoast SEO plugin v25.6 - https:\/\/yoast.com\/wordpress\/plugins\/seo\/ -->\n<title>Jauke Bistro &amp; Cocktail - Las Hayas Ushuaia Resort, Hotel de lujo 5 estrellas<\/title>\n<meta name=\"robots\" content=\"index, follow, max-snippet:-1, max-image-preview:large, max-video-preview:-1\" \/>\n<link rel=\"canonical\" href=\"https:\/\/www.lashayas.com.ar\/pt\/jauke-bistro-cocktail\/\" \/>\n<meta property=\"og:locale\" content=\"pt_BR\" \/>\n<meta property=\"og:type\" content=\"article\" \/>\n<meta property=\"og:title\" content=\"Jauke Bistro &amp; Cocktail - Las Hayas Ushuaia Resort, Hotel de lujo 5 estrellas\" \/>\n<meta property=\"og:description\" content=\"GASTRONOM\u00cdA Jauke Bistr\u00f3 &amp; Cocktail Si ven\u00eds a Las Hayas Resort no pod\u00e9s dejar de visitar nuestro Jauke Bistr\u00f3 Cocktail Bar. Un espacio sofisticado con una carta que incluye hamburguesas, s\u00e1ndwiches y ensaladas gourmet, como excelentes alternativas para el almuerzo o para una cena ligera. Contamos con opciones para todos los gustos, en un ambiente [&hellip;]\" \/>\n<meta property=\"og:url\" content=\"https:\/\/www.lashayas.com.ar\/pt\/jauke-bistro-cocktail\/\" \/>\n<meta property=\"og:site_name\" content=\"Las Hayas Ushuaia Resort, Hotel de lujo 5 estrellas\" \/>\n<meta property=\"article:publisher\" content=\"https:\/\/www.facebook.com\/lashayasushuaiaresort\/\" \/>\n<meta property=\"article:modified_time\" content=\"2025-01-07T14:48:25+00:00\" \/>\n<meta property=\"og:image\" content=\"https:\/\/www.lashayas.com.ar\/wp-content\/uploads\/2025\/01\/JLF_6397-HDR-2-FILEminimizer_1_11zon-scaled.jpg\" \/>\n<meta name=\"twitter:card\" content=\"summary_large_image\" \/>\n<meta name=\"twitter:label1\" content=\"Est. tempo de leitura\" \/>\n\t<meta name=\"twitter:data1\" content=\"3 minutos\" \/>\n<script type=\"application\/ld+json\" class=\"yoast-schema-graph\">{\"@context\":\"https:\/\/schema.org\",\"@graph\":[{\"@type\":\"WebPage\",\"@id\":\"https:\/\/www.lashayas.com.ar\/jauke-bistro-cocktail\/\",\"url\":\"https:\/\/www.lashayas.com.ar\/jauke-bistro-cocktail\/\",\"name\":\"Jauke Bistro & Cocktail - Las Hayas Ushuaia Resort, Hotel de lujo 5 estrellas\",\"isPartOf\":{\"@id\":\"https:\/\/www.lashayas.com.ar\/#website\"},\"primaryImageOfPage\":{\"@id\":\"https:\/\/www.lashayas.com.ar\/jauke-bistro-cocktail\/#primaryimage\"},\"image\":{\"@id\":\"https:\/\/www.lashayas.com.ar\/jauke-bistro-cocktail\/#primaryimage\"},\"thumbnailUrl\":\"https:\/\/www.lashayas.com.ar\/wp-content\/uploads\/2025\/01\/JLF_6397-HDR-2-FILEminimizer_1_11zon-scaled.jpg\",\"datePublished\":\"2022-09-15T11:53:25+00:00\",\"dateModified\":\"2025-01-07T14:48:25+00:00\",\"breadcrumb\":{\"@id\":\"https:\/\/www.lashayas.com.ar\/jauke-bistro-cocktail\/#breadcrumb\"},\"inLanguage\":\"pt-BR\",\"potentialAction\":[{\"@type\":\"ReadAction\",\"target\":[\"https:\/\/www.lashayas.com.ar\/jauke-bistro-cocktail\/\"]}]},{\"@type\":\"ImageObject\",\"inLanguage\":\"pt-BR\",\"@id\":\"https:\/\/www.lashayas.com.ar\/jauke-bistro-cocktail\/#primaryimage\",\"url\":\"https:\/\/www.lashayas.com.ar\/wp-content\/uploads\/2025\/01\/JLF_6397-HDR-2-FILEminimizer_1_11zon-scaled.jpg\",\"contentUrl\":\"https:\/\/www.lashayas.com.ar\/wp-content\/uploads\/2025\/01\/JLF_6397-HDR-2-FILEminimizer_1_11zon-scaled.jpg\"},{\"@type\":\"BreadcrumbList\",\"@id\":\"https:\/\/www.lashayas.com.ar\/jauke-bistro-cocktail\/#breadcrumb\",\"itemListElement\":[{\"@type\":\"ListItem\",\"position\":1,\"name\":\"Inicio\",\"item\":\"https:\/\/www.lashayas.com.ar\/\"},{\"@type\":\"ListItem\",\"position\":2,\"name\":\"Jauke Bistro &#038; Cocktail\"}]},{\"@type\":\"WebSite\",\"@id\":\"https:\/\/www.lashayas.com.ar\/#website\",\"url\":\"https:\/\/www.lashayas.com.ar\/\",\"name\":\"Las Hayas Ushuaia Resort, Hotel de lujo 5 estrellas\",\"description\":\"Las Hayas Ushuaia Resort, Hotel de lujo 5 estrellas\",\"publisher\":{\"@id\":\"https:\/\/www.lashayas.com.ar\/#organization\"},\"potentialAction\":[{\"@type\":\"SearchAction\",\"target\":{\"@type\":\"EntryPoint\",\"urlTemplate\":\"https:\/\/www.lashayas.com.ar\/?s={search_term_string}\"},\"query-input\":{\"@type\":\"PropertyValueSpecification\",\"valueRequired\":true,\"valueName\":\"search_term_string\"}}],\"inLanguage\":\"pt-BR\"},{\"@type\":\"Organization\",\"@id\":\"https:\/\/www.lashayas.com.ar\/#organization\",\"name\":\"Las Hayas Ushuaia Resort, Hotel de lujo 5 estrellas\",\"url\":\"https:\/\/www.lashayas.com.ar\/\",\"logo\":{\"@type\":\"ImageObject\",\"inLanguage\":\"pt-BR\",\"@id\":\"https:\/\/www.lashayas.com.ar\/#\/schema\/logo\/image\/\",\"url\":\"https:\/\/www.lashayas.com.ar\/wp-content\/uploads\/2023\/02\/0.png\",\"contentUrl\":\"https:\/\/www.lashayas.com.ar\/wp-content\/uploads\/2023\/02\/0.png\",\"width\":410,\"height\":311,\"caption\":\"Las Hayas Ushuaia Resort, Hotel de lujo 5 estrellas\"},\"image\":{\"@id\":\"https:\/\/www.lashayas.com.ar\/#\/schema\/logo\/image\/\"},\"sameAs\":[\"https:\/\/www.facebook.com\/lashayasushuaiaresort\/\"]}]}<\/script>\n<!-- \/ Yoast SEO plugin. -->","yoast_head_json":{"title":"Jauke Bistro & Cocktail - Las Hayas Ushuaia Resort, Hotel de lujo 5 estrellas","robots":{"index":"index","follow":"follow","max-snippet":"max-snippet:-1","max-image-preview":"max-image-preview:large","max-video-preview":"max-video-preview:-1"},"canonical":"https:\/\/www.lashayas.com.ar\/pt\/jauke-bistro-cocktail\/","og_locale":"pt_BR","og_type":"article","og_title":"Jauke Bistro & Cocktail - Las Hayas Ushuaia Resort, Hotel de lujo 5 estrellas","og_description":"GASTRONOM\u00cdA Jauke Bistr\u00f3 &amp; Cocktail Si ven\u00eds a Las Hayas Resort no pod\u00e9s dejar de visitar nuestro Jauke Bistr\u00f3 Cocktail Bar. Un espacio sofisticado con una carta que incluye hamburguesas, s\u00e1ndwiches y ensaladas gourmet, como excelentes alternativas para el almuerzo o para una cena ligera. Contamos con opciones para todos los gustos, en un ambiente [&hellip;]","og_url":"https:\/\/www.lashayas.com.ar\/pt\/jauke-bistro-cocktail\/","og_site_name":"Las Hayas Ushuaia Resort, Hotel de lujo 5 estrellas","article_publisher":"https:\/\/www.facebook.com\/lashayasushuaiaresort\/","article_modified_time":"2025-01-07T14:48:25+00:00","og_image":[{"url":"https:\/\/www.lashayas.com.ar\/wp-content\/uploads\/2025\/01\/JLF_6397-HDR-2-FILEminimizer_1_11zon-scaled.jpg","type":"","width":"","height":""}],"twitter_card":"summary_large_image","twitter_misc":{"Est. tempo de leitura":"3 minutos"},"schema":{"@context":"https:\/\/schema.org","@graph":[{"@type":"WebPage","@id":"https:\/\/www.lashayas.com.ar\/jauke-bistro-cocktail\/","url":"https:\/\/www.lashayas.com.ar\/jauke-bistro-cocktail\/","name":"Jauke Bistro & Cocktail - Las Hayas Ushuaia Resort, Hotel de lujo 5 estrellas","isPartOf":{"@id":"https:\/\/www.lashayas.com.ar\/#website"},"primaryImageOfPage":{"@id":"https:\/\/www.lashayas.com.ar\/jauke-bistro-cocktail\/#primaryimage"},"image":{"@id":"https:\/\/www.lashayas.com.ar\/jauke-bistro-cocktail\/#primaryimage"},"thumbnailUrl":"https:\/\/www.lashayas.com.ar\/wp-content\/uploads\/2025\/01\/JLF_6397-HDR-2-FILEminimizer_1_11zon-scaled.jpg","datePublished":"2022-09-15T11:53:25+00:00","dateModified":"2025-01-07T14:48:25+00:00","breadcrumb":{"@id":"https:\/\/www.lashayas.com.ar\/jauke-bistro-cocktail\/#breadcrumb"},"inLanguage":"pt-BR","potentialAction":[{"@type":"ReadAction","target":["https:\/\/www.lashayas.com.ar\/jauke-bistro-cocktail\/"]}]},{"@type":"ImageObject","inLanguage":"pt-BR","@id":"https:\/\/www.lashayas.com.ar\/jauke-bistro-cocktail\/#primaryimage","url":"https:\/\/www.lashayas.com.ar\/wp-content\/uploads\/2025\/01\/JLF_6397-HDR-2-FILEminimizer_1_11zon-scaled.jpg","contentUrl":"https:\/\/www.lashayas.com.ar\/wp-content\/uploads\/2025\/01\/JLF_6397-HDR-2-FILEminimizer_1_11zon-scaled.jpg"},{"@type":"BreadcrumbList","@id":"https:\/\/www.lashayas.com.ar\/jauke-bistro-cocktail\/#breadcrumb","itemListElement":[{"@type":"ListItem","position":1,"name":"Inicio","item":"https:\/\/www.lashayas.com.ar\/"},{"@type":"ListItem","position":2,"name":"Jauke Bistro &#038; Cocktail"}]},{"@type":"WebSite","@id":"https:\/\/www.lashayas.com.ar\/#website","url":"https:\/\/www.lashayas.com.ar\/","name":"Las Hayas Ushuaia Resort, Hotel de lujo 5 estrellas","description":"Las Hayas Ushuaia Resort, Hotel de lujo 5 estrellas","publisher":{"@id":"https:\/\/www.lashayas.com.ar\/#organization"},"potentialAction":[{"@type":"SearchAction","target":{"@type":"EntryPoint","urlTemplate":"https:\/\/www.lashayas.com.ar\/?s={search_term_string}"},"query-input":{"@type":"PropertyValueSpecification","valueRequired":true,"valueName":"search_term_string"}}],"inLanguage":"pt-BR"},{"@type":"Organization","@id":"https:\/\/www.lashayas.com.ar\/#organization","name":"Las Hayas Ushuaia Resort, Hotel de lujo 5 estrellas","url":"https:\/\/www.lashayas.com.ar\/","logo":{"@type":"ImageObject","inLanguage":"pt-BR","@id":"https:\/\/www.lashayas.com.ar\/#\/schema\/logo\/image\/","url":"https:\/\/www.lashayas.com.ar\/wp-content\/uploads\/2023\/02\/0.png","contentUrl":"https:\/\/www.lashayas.com.ar\/wp-content\/uploads\/2023\/02\/0.png","width":410,"height":311,"caption":"Las Hayas Ushuaia Resort, Hotel de lujo 5 estrellas"},"image":{"@id":"https:\/\/www.lashayas.com.ar\/#\/schema\/logo\/image\/"},"sameAs":["https:\/\/www.facebook.com\/lashayasushuaiaresort\/"]}]}},"_links":{"self":[{"href":"http:\/\/www.lashayas.com.ar\/pt\/wp-json\/wp\/v2\/pages\/10116","targetHints":{"allow":["GET"]}}],"collection":[{"href":"http:\/\/www.lashayas.com.ar\/pt\/wp-json\/wp\/v2\/pages"}],"about":[{"href":"http:\/\/www.lashayas.com.ar\/pt\/wp-json\/wp\/v2\/types\/page"}],"author":[{"embeddable":true,"href":"http:\/\/www.lashayas.com.ar\/pt\/wp-json\/wp\/v2\/users\/1"}],"replies":[{"embeddable":true,"href":"http:\/\/www.lashayas.com.ar\/pt\/wp-json\/wp\/v2\/comments?post=10116"}],"version-history":[{"count":0,"href":"http:\/\/www.lashayas.com.ar\/pt\/wp-json\/wp\/v2\/pages\/10116\/revisions"}],"wp:attachment":[{"href":"http:\/\/www.lashayas.com.ar\/pt\/wp-json\/wp\/v2\/media?parent=10116"}],"curies":[{"name":"wp","href":"https:\/\/api.w.org\/{rel}","templated":true}]}}