{"id":1717,"date":"2021-05-10T10:16:32","date_gmt":"2021-05-10T10:16:32","guid":{"rendered":"http:\/\/www.nicdarkthemes.com\/themes\/seafood\/wp\/demo\/restaurant\/?page_id=1717"},"modified":"2024-01-19T21:00:07","modified_gmt":"2024-01-20T00:00:07","slug":"gastronomia","status":"publish","type":"page","link":"http:\/\/www.lashayas.com.ar\/pt\/gastronomia\/","title":{"rendered":"Gastronom\u00eda"},"content":{"rendered":"<div data-elementor-type=\"wp-page\" data-elementor-id=\"1717\" class=\"elementor elementor-1717\" data-elementor-post-type=\"page\">\n\t\t\t\t\t\t<section class=\"elementor-section elementor-top-section elementor-element elementor-element-113e1839 elementor-section-stretched elementor-section-full_width elementor-section-height-default elementor-section-height-default\" data-id=\"113e1839\" data-element_type=\"section\" data-settings=\"{&quot;stretch_section&quot;:&quot;section-stretched&quot;,&quot;background_background&quot;:&quot;classic&quot;}\">\n\t\t\t\t\t\t\t<div class=\"elementor-background-overlay\"><\/div>\n\t\t\t\t\t\t\t<div class=\"elementor-container elementor-column-gap-no\">\n\t\t\t\t\t<div class=\"elementor-column elementor-col-100 elementor-top-column elementor-element elementor-element-53618f61\" data-id=\"53618f61\" data-element_type=\"column\" data-settings=\"{&quot;background_background&quot;:&quot;classic&quot;}\">\n\t\t\t<div class=\"elementor-widget-wrap elementor-element-populated\">\n\t\t\t\t\t<div class=\"elementor-background-overlay\"><\/div>\n\t\t\t\t\t\t<section class=\"elementor-section elementor-inner-section elementor-element elementor-element-2dded925 elementor-section-height-min-height elementor-section-boxed elementor-section-height-default\" data-id=\"2dded925\" data-element_type=\"section\">\n\t\t\t\t\t\t<div class=\"elementor-container elementor-column-gap-default\">\n\t\t\t\t\t<div class=\"elementor-column elementor-col-33 elementor-inner-column elementor-element elementor-element-4cf1fcc custom-box click-child pointer elementor-invisible\" data-id=\"4cf1fcc\" data-element_type=\"column\" data-settings=\"{&quot;background_background&quot;:&quot;classic&quot;,&quot;animation&quot;:&quot;fadeIn&quot;,&quot;animation_delay&quot;:&quot;500&quot;}\">\n\t\t\t<div class=\"elementor-widget-wrap elementor-element-populated\">\n\t\t\t\t\t<div class=\"elementor-background-overlay\"><\/div>\n\t\t\t\t\t\t<div class=\"elementor-element elementor-element-bf88a8e elementor-widget elementor-widget-heading\" data-id=\"bf88a8e\" data-element_type=\"widget\" data-widget_type=\"heading.default\">\n\t\t\t\t<div class=\"elementor-widget-container\">\n\t\t\t\t\t<h2 class=\"elementor-heading-title elementor-size-default\"><a href=\"\/pt\/~geotest\/le-martial-resto\/\">a<\/a><\/h2>\t\t\t\t<\/div>\n\t\t\t\t<\/div>\n\t\t\t\t<div class=\"elementor-element elementor-element-6b8c0c0 elementor-absolute elementor-widget elementor-widget-heading\" data-id=\"6b8c0c0\" data-element_type=\"widget\" data-settings=\"{&quot;_position&quot;:&quot;absolute&quot;}\" data-widget_type=\"heading.default\">\n\t\t\t\t<div class=\"elementor-widget-container\">\n\t\t\t\t\t<h2 class=\"elementor-heading-title elementor-size-default\">Le Martial Rest\u00f3<\/h2>\t\t\t\t<\/div>\n\t\t\t\t<\/div>\n\t\t\t\t\t<\/div>\n\t\t<\/div>\n\t\t\t\t<div class=\"elementor-column elementor-col-33 elementor-inner-column elementor-element elementor-element-289f9790 custom-box click-child pointer elementor-invisible\" data-id=\"289f9790\" data-element_type=\"column\" data-settings=\"{&quot;background_background&quot;:&quot;classic&quot;,&quot;animation&quot;:&quot;fadeIn&quot;,&quot;animation_delay&quot;:&quot;500&quot;}\">\n\t\t\t<div class=\"elementor-widget-wrap elementor-element-populated\">\n\t\t\t\t\t<div class=\"elementor-background-overlay\"><\/div>\n\t\t\t\t\t\t<div class=\"elementor-element elementor-element-68a261f elementor-absolute elementor-widget elementor-widget-heading\" data-id=\"68a261f\" data-element_type=\"widget\" data-settings=\"{&quot;_position&quot;:&quot;absolute&quot;}\" data-widget_type=\"heading.default\">\n\t\t\t\t<div class=\"elementor-widget-container\">\n\t\t\t\t\t<span class=\"elementor-heading-title elementor-size-default\">Jauke Bistr\u00f3 &amp; Cocktail<\/span>\t\t\t\t<\/div>\n\t\t\t\t<\/div>\n\t\t\t\t<div class=\"elementor-element elementor-element-6ff0c03 elementor-widget elementor-widget-heading\" data-id=\"6ff0c03\" data-element_type=\"widget\" data-widget_type=\"heading.default\">\n\t\t\t\t<div class=\"elementor-widget-container\">\n\t\t\t\t\t<h2 class=\"elementor-heading-title elementor-size-default\"><a href=\"\/pt\/~geotest\/jauke-bistro-cocktail\/\">a<\/a><\/h2>\t\t\t\t<\/div>\n\t\t\t\t<\/div>\n\t\t\t\t\t<\/div>\n\t\t<\/div>\n\t\t\t\t<div class=\"elementor-column elementor-col-33 elementor-inner-column elementor-element elementor-element-ec912c1 custom-box click-child pointer elementor-invisible\" data-id=\"ec912c1\" data-element_type=\"column\" data-settings=\"{&quot;background_background&quot;:&quot;classic&quot;,&quot;animation&quot;:&quot;fadeIn&quot;,&quot;animation_delay&quot;:&quot;500&quot;}\">\n\t\t\t<div class=\"elementor-widget-wrap elementor-element-populated\">\n\t\t\t\t\t<div class=\"elementor-background-overlay\"><\/div>\n\t\t\t\t\t\t<div class=\"elementor-element elementor-element-5b522b4 elementor-absolute elementor-widget elementor-widget-heading\" data-id=\"5b522b4\" data-element_type=\"widget\" data-settings=\"{&quot;_position&quot;:&quot;absolute&quot;}\" data-widget_type=\"heading.default\">\n\t\t\t\t<div class=\"elementor-widget-container\">\n\t\t\t\t\t<h2 class=\"elementor-heading-title elementor-size-default\">Caf\u00e9 da manh\u00e3 no Drake<\/h2>\t\t\t\t<\/div>\n\t\t\t\t<\/div>\n\t\t\t\t<div class=\"elementor-element elementor-element-30cf6e5 elementor-widget elementor-widget-heading\" data-id=\"30cf6e5\" data-element_type=\"widget\" data-widget_type=\"heading.default\">\n\t\t\t\t<div class=\"elementor-widget-container\">\n\t\t\t\t\t<h2 class=\"elementor-heading-title elementor-size-default\"><a href=\"\/pt\/~geotest\/desayunador-drake\/\">a<\/a><\/h2>\t\t\t\t<\/div>\n\t\t\t\t<\/div>\n\t\t\t\t\t<\/div>\n\t\t<\/div>\n\t\t\t\t\t<\/div>\n\t\t<\/section>\n\t\t\t\t\t<\/div>\n\t\t<\/div>\n\t\t\t\t\t<\/div>\n\t\t<\/section>\n\t\t\t\t<section class=\"elementor-section elementor-top-section elementor-element elementor-element-d1b6375 custom-book elementor-section-boxed elementor-section-height-default elementor-section-height-default\" data-id=\"d1b6375\" data-element_type=\"section\" data-settings=\"{&quot;background_background&quot;:&quot;classic&quot;}\">\n\t\t\t\t\t\t\t<div class=\"elementor-background-overlay\"><\/div>\n\t\t\t\t\t\t\t<div class=\"elementor-container elementor-column-gap-default\">\n\t\t\t\t\t<div class=\"elementor-column elementor-col-100 elementor-top-column elementor-element elementor-element-38b8333\" data-id=\"38b8333\" data-element_type=\"column\">\n\t\t\t<div class=\"elementor-widget-wrap elementor-element-populated\">\n\t\t\t\t\t\t<div class=\"elementor-element elementor-element-d703c27 elementor-widget__width-initial elementor-widget elementor-widget-bookingform\" data-id=\"d703c27\" data-element_type=\"widget\" data-widget_type=\"bookingform.default\">\n\t\t\t\t<div class=\"elementor-widget-container\">\n\t\t\t\t\t\n\n  \n  <div class=\"nd_rst_section nd_rst_bookingform_component\">\n    \n\n    <form action=\"https:\/\/www.todoalojamiento.com\/portal\/es-es\/\" method=\"get\">\n\n\n      <!--NEW date-->\n      <div class=\"nd_rst_width_custom_percentage nd_rst_width_100_percentage_all_iphone nd_rst_float_left nd_rst_box_sizing_border_box\">\n\n\n          <div id=\"nd_rst_open_calendar_from\" class=\"nd_rst_section nd_rst_box_sizing_border_box  nd_rst_cursor_pointer\">\n            <div class=\"nd_rst_section  nd_rst_box_sizing_border_box\">\n             \n           \n              <div class=\"nd_rst_display_inline_flex custom-booking-input\">\n                \n                <div class=\"nd_rst_float_left nd_rst_text_align_right display-flex-row\">\n                  <span>CHECK-IN<\/span> <span id=\"nd_rst_date_number_from_front\" class=\"custom-reservation nd_rst_font_weight_300 nd_rst_line_height_1 nd_rst_font_size_50 nd_options_color_greydark\">01<\/span>\n                <\/div>\n                \n                <div class=\"nd_rst_float_right nd_rst_text_align_center nd_rst_margin_left_10\">\n                    <div id=\"nd_rst_date_month_from_front\" class=\"nd_options_color_grey nd_rst_margin_top_4 nd_rst_font_size_12\">maio<\/div>\n                    \n                    <img decoding=\"async\" class=\"nd_rst_margin_bottom_10\" alt=\"\" width=\"8\" src=\"https:\/\/www.lashayas.com.ar\/wp-content\/uploads\/2022\/07\/down.png\">\n                <\/div>\n\n              <\/div>\n            <\/div>\n          <\/div>\n          <input type=\"hidden\" name=\"idHotel\" value=\"11\">\n          <input type=\"hidden\" id=\"nd_rst_date_month_from\" class=\"nd_rst_section nd_rst_margin_top_20\" value=\"maio\">\n          <input type=\"hidden\" id=\"nd_rst_date_number_from\" class=\"nd_rst_section nd_rst_margin_top_20\" value=\"01\">\n          <input class=\"nd_rst_section nd_rst_border_width_0_important nd_rst_padding_0_important nd_rst_height_0_important\" type=\"text\" name=\"fechaDesde\" id=\"nd_rst_send_date\" value=\"2026-05-01\" \/>\n      \n      <\/div>\n      <!--NEW date-->\n\n      <!--NEW date-->\n      <div class=\"nd_rst_width_custom_percentage nd_rst_width_100_percentage_all_iphone nd_rst_float_left nd_rst_box_sizing_border_box\">\n\n\n          <div id=\"nd_rst_open_calendar_to\" class=\"nd_rst_section nd_rst_box_sizing_border_box  nd_rst_cursor_pointer\">\n            <div class=\"nd_rst_section  nd_rst_box_sizing_border_box\">\n             \n           \n              <div class=\"nd_rst_display_inline_flex custom-booking-input\">\n                \n                <div class=\"nd_rst_float_left nd_rst_text_align_right display-flex-row\">\n                  <span>CHECK-OUT<\/span> <span id=\"nd_rst_date_number_from_to\" class=\"custom-reservation nd_rst_font_weight_300 nd_rst_line_height_1 nd_rst_font_size_50 nd_options_color_greydark\">01<\/span>\n                <\/div>\n                \n                <div class=\"nd_rst_float_right nd_rst_text_align_center nd_rst_margin_left_10\">\n                    <div id=\"nd_rst_date_month_to_front\" class=\"nd_options_color_grey nd_rst_margin_top_4 nd_rst_font_size_12\">maio<\/div>\n                    <div class=\"nd_rst_section nd_rst_height_5\"><\/div>\n                    <img decoding=\"async\" class=\"nd_rst_margin_bottom_10\" alt=\"\" width=\"8\" src=\"https:\/\/www.lashayas.com.ar\/wp-content\/uploads\/2022\/07\/down.png\">\n                <\/div>\n\n              <\/div>\n            <\/div>\n          <\/div>\n          \n\n\n          <input type=\"hidden\" id=\"nd_rst_date_month_to\" class=\"nd_rst_section nd_rst_margin_top_20\" value=\"maio\">\n          <input type=\"hidden\" id=\"nd_rst_date_number_to\" class=\"nd_rst_section nd_rst_margin_top_20\" value=\"01\">\n        \n          <input class=\"nd_rst_section nd_rst_border_width_0_important nd_rst_padding_0_important nd_rst_height_0_important\" type=\"text\" name=\"fechaHasta\" id=\"nd_rst_send_date2\" value=\"2026-05-01\" \/>\n          <input type=\"hidden\" name=\"forzarLimpiar\" value=\"true\">\n      \n      <\/div>\n      <!--NEW date-->\n\n\n       <!--habitacion-->\n        <div class=\"nd_rst_width_custom_percentage  nd_rst_width_100_percentage_all_iphone nd_rst_float_left  nd_rst_box_sizing_border_box\">\n            <div class=\"nd_rst_section  nd_rst_box_sizing_border_box\">\n              <div class=\"nd_rst_section  nd_rst_box_sizing_border_box\">\n               \n                \n                <div class=\"nd_rst_display_inline_flex custom-booking-input\">\n                  <div class=\"nd_rst_float_left nd_rst_text_align_right display-flex-row\">\n                  \n                      <span class=\"no-margin\">APARTAMENTOS <\/span><span class=\"custom-reservation nd_rst_line_height_1 nd_rst_font_size_50 nd_rst_color_greydark nd_rst_font_weight_300 nd_rst_guests_number3 nd_rst_min_width_35 nd_rst_text_align_center\">1<\/span>\n                  <\/div>\n                  <div class=\"display-flex-column\">\n                                          \n                   \n                          <img decoding=\"async\" class=\"nd_rst_guests_increase3 nd_rst_cursor_pointer rotate180\" alt=\"\" width=\"8\" src=\"https:\/\/www.lashayas.com.ar\/wp-content\/uploads\/2022\/07\/down.png\">\n                   \n                          <img decoding=\"async\" class=\"nd_rst_guests_decrease3 nd_rst_cursor_pointer\" alt=\"\" width=\"8\" src=\"https:\/\/www.lashayas.com.ar\/wp-content\/uploads\/2022\/07\/down.png\">\n                   \n                  <\/div>\n                <\/div>\n              <\/div> \n            <\/div>\n\n            <input class=\"nd_rst_section nd_rst_display_none\" type=\"number\" name=\"cantHabitaciones\" id=\"cantHabitaciones\" min=\"1\" value=\"1\" \/>\n        <\/div>\n\n         <!--habitacion-->\n\n\n\n\n\n\n\n        <!--guests-->\n        <div class=\"nd_rst_width_custom_percentage  nd_rst_width_100_percentage_all_iphone nd_rst_float_left  nd_rst_box_sizing_border_box\">\n            <div class=\"nd_rst_section  nd_rst_box_sizing_border_box\">\n              <div class=\"nd_rst_section  nd_rst_box_sizing_border_box\">\n               \n                \n                <div class=\"nd_rst_display_inline_flex custom-booking-input\">\n                  <div class=\"nd_rst_float_left nd_rst_text_align_right display-flex-row\">\n                      <span>ADULTO <\/span><span class=\"custom-reservation nd_rst_line_height_1 nd_rst_font_size_50 nd_rst_color_greydark nd_rst_font_weight_300 nd_rst_guests_number nd_rst_min_width_35 nd_rst_text_align_center\">1<\/span>\n                  <\/div>\n                  <div class=\"display-flex-column\">\n                                          \n                   \n                          <img decoding=\"async\" class=\"nd_rst_guests_increase nd_rst_cursor_pointer rotate180\" alt=\"\" width=\"8\" src=\"https:\/\/www.lashayas.com.ar\/wp-content\/uploads\/2022\/07\/down.png\">\n                   \n                          <img decoding=\"async\" class=\"nd_rst_guests_decrease nd_rst_cursor_pointer\" alt=\"\" width=\"8\" src=\"https:\/\/www.lashayas.com.ar\/wp-content\/uploads\/2022\/07\/down.png\">\n                   \n                  <\/div>\n                <\/div>\n              <\/div> \n            <\/div>\n\n            <input class=\"nd_rst_section nd_rst_display_none\" type=\"number\" name=\"adultos\" id=\"nd_rst_send_guests\" min=\"1\" value=\"1\" \/>\n        <\/div>\n\n         <!--guests-->\n\n\n          <!--guests-->\n        <div class=\"nd_rst_width_custom_percentage  nd_rst_width_100_percentage_all_iphone nd_rst_float_left  nd_rst_box_sizing_border_box\">\n            <div class=\"nd_rst_section  nd_rst_box_sizing_border_box\">\n              <div class=\"nd_rst_section  nd_rst_box_sizing_border_box\">\n               \n                \n                <div class=\"nd_rst_display_inline_flex custom-booking-input\">\n                  <div class=\"nd_rst_float_left nd_rst_text_align_right display-flex-row\">\n                      <span>CRIAN\u00c7AS <\/span><span class=\"custom-reservation nd_rst_line_height_1 nd_rst_font_size_50 nd_rst_color_greydark nd_rst_font_weight_300 nd_rst_guests_number2 nd_rst_min_width_35 nd_rst_text_align_center\">0<\/span>\n                  <\/div>\n                  <div class=\"display-flex-column\">\n                      \n                          <img decoding=\"async\" class=\"nd_rst_guests_increase2 nd_rst_cursor_pointer rotate180\" alt=\"\" width=\"8\" src=\"https:\/\/www.lashayas.com.ar\/wp-content\/uploads\/2022\/07\/down.png\">\n                          <img decoding=\"async\" class=\"nd_rst_guests_decrease2 nd_rst_cursor_pointer\" alt=\"\" width=\"8\" src=\"https:\/\/www.lashayas.com.ar\/wp-content\/uploads\/2022\/07\/down.png\">\n                    \n                  <\/div>\n                <\/div>\n              <\/div> \n            <\/div>\n\n            <input class=\"nd_rst_section nd_rst_display_none\" type=\"number\" name=\"ninios\" id=\"nd_rst_send_guests2\" min=\"0\" value=\"0\" \/>\n              <input type=\"hidden\" name=\"monedaISO\" value=\"ARS\">\n              \n        <\/div>\n\n         <!--guests-->\n\n        \n\n\n\n\n      <div class=\"nd_rst_width_custom_percentage nd_rst_width_100_percentage_all_iphone  nd_rst_float_left width100\">\n        <input class=\"custom-button  nd_rst_white_space_normal  nd_rst_letter_spacing_2 nd_rst_font_size_15 nd_rst_line_height_1_5 nd_rst_padding_10_30_important\" type=\"submit\" value=\"RESERVAR\">\n      <\/div>\n\n    <\/form>\n\n  <\/div>\t\t\t\t<\/div>\n\t\t\t\t<\/div>\n\t\t\t\t\t<\/div>\n\t\t<\/div>\n\t\t\t\t\t<\/div>\n\t\t<\/section>\n\t\t\t\t<\/div>","protected":false},"excerpt":{"rendered":"<p>a Le Martial Rest\u00f3 Jauke Bistr\u00f3 &#038; Cocktail a Desayunador Drake a CHECK-IN 20 Ene CHECK-OUT 20 Ene HABITACIONES 1 ADULTO 1 MENORES 0<\/p>","protected":false},"author":1,"featured_media":0,"parent":0,"menu_order":0,"comment_status":"closed","ping_status":"closed","template":"","meta":{"footnotes":""},"class_list":["post-1717","page","type-page","status-publish","hentry"],"yoast_head":"<!-- This site is optimized with the Yoast SEO plugin v25.6 - https:\/\/yoast.com\/wordpress\/plugins\/seo\/ -->\n<title>Gastronom\u00eda - Las Hayas Ushuaia Resort, Hotel de lujo 5 estrellas<\/title>\n<meta name=\"robots\" content=\"index, follow, max-snippet:-1, max-image-preview:large, max-video-preview:-1\" \/>\n<link rel=\"canonical\" href=\"https:\/\/www.lashayas.com.ar\/pt\/gastronomia\/\" \/>\n<meta property=\"og:locale\" content=\"pt_BR\" \/>\n<meta property=\"og:type\" content=\"article\" \/>\n<meta property=\"og:title\" content=\"Gastronom\u00eda - Las Hayas Ushuaia Resort, Hotel de lujo 5 estrellas\" \/>\n<meta property=\"og:description\" content=\"a Le Martial Rest\u00f3 Jauke Bistr\u00f3 &#038; Cocktail a Desayunador Drake a CHECK-IN 20 Ene CHECK-OUT 20 Ene HABITACIONES 1 ADULTO 1 MENORES 0\" \/>\n<meta property=\"og:url\" content=\"https:\/\/www.lashayas.com.ar\/pt\/gastronomia\/\" \/>\n<meta property=\"og:site_name\" content=\"Las Hayas Ushuaia Resort, Hotel de lujo 5 estrellas\" \/>\n<meta property=\"article:publisher\" content=\"https:\/\/www.facebook.com\/lashayasushuaiaresort\/\" \/>\n<meta property=\"article:modified_time\" content=\"2024-01-20T00:00:07+00:00\" \/>\n<meta property=\"og:image\" content=\"https:\/\/www.lashayas.com.ar\/wp-content\/uploads\/2022\/07\/down.png\" \/>\n<meta name=\"twitter:card\" content=\"summary_large_image\" \/>\n<meta name=\"twitter:label1\" content=\"Est. tempo de leitura\" \/>\n\t<meta name=\"twitter:data1\" content=\"1 minuto\" \/>\n<script type=\"application\/ld+json\" class=\"yoast-schema-graph\">{\"@context\":\"https:\/\/schema.org\",\"@graph\":[{\"@type\":\"WebPage\",\"@id\":\"https:\/\/www.lashayas.com.ar\/gastronomia\/\",\"url\":\"https:\/\/www.lashayas.com.ar\/gastronomia\/\",\"name\":\"Gastronom\u00eda - Las Hayas Ushuaia Resort, Hotel de lujo 5 estrellas\",\"isPartOf\":{\"@id\":\"https:\/\/www.lashayas.com.ar\/#website\"},\"primaryImageOfPage\":{\"@id\":\"https:\/\/www.lashayas.com.ar\/gastronomia\/#primaryimage\"},\"image\":{\"@id\":\"https:\/\/www.lashayas.com.ar\/gastronomia\/#primaryimage\"},\"thumbnailUrl\":\"https:\/\/www.lashayas.com.ar\/wp-content\/uploads\/2022\/07\/down.png\",\"datePublished\":\"2021-05-10T10:16:32+00:00\",\"dateModified\":\"2024-01-20T00:00:07+00:00\",\"breadcrumb\":{\"@id\":\"https:\/\/www.lashayas.com.ar\/gastronomia\/#breadcrumb\"},\"inLanguage\":\"pt-BR\",\"potentialAction\":[{\"@type\":\"ReadAction\",\"target\":[\"https:\/\/www.lashayas.com.ar\/gastronomia\/\"]}]},{\"@type\":\"ImageObject\",\"inLanguage\":\"pt-BR\",\"@id\":\"https:\/\/www.lashayas.com.ar\/gastronomia\/#primaryimage\",\"url\":\"https:\/\/www.lashayas.com.ar\/wp-content\/uploads\/2022\/07\/down.png\",\"contentUrl\":\"https:\/\/www.lashayas.com.ar\/wp-content\/uploads\/2022\/07\/down.png\"},{\"@type\":\"BreadcrumbList\",\"@id\":\"https:\/\/www.lashayas.com.ar\/gastronomia\/#breadcrumb\",\"itemListElement\":[{\"@type\":\"ListItem\",\"position\":1,\"name\":\"Inicio\",\"item\":\"https:\/\/www.lashayas.com.ar\/\"},{\"@type\":\"ListItem\",\"position\":2,\"name\":\"Gastronom\u00eda\"}]},{\"@type\":\"WebSite\",\"@id\":\"https:\/\/www.lashayas.com.ar\/#website\",\"url\":\"https:\/\/www.lashayas.com.ar\/\",\"name\":\"Las Hayas Ushuaia Resort, Hotel de lujo 5 estrellas\",\"description\":\"Las Hayas Ushuaia Resort, Hotel de lujo 5 estrellas\",\"publisher\":{\"@id\":\"https:\/\/www.lashayas.com.ar\/#organization\"},\"potentialAction\":[{\"@type\":\"SearchAction\",\"target\":{\"@type\":\"EntryPoint\",\"urlTemplate\":\"https:\/\/www.lashayas.com.ar\/?s={search_term_string}\"},\"query-input\":{\"@type\":\"PropertyValueSpecification\",\"valueRequired\":true,\"valueName\":\"search_term_string\"}}],\"inLanguage\":\"pt-BR\"},{\"@type\":\"Organization\",\"@id\":\"https:\/\/www.lashayas.com.ar\/#organization\",\"name\":\"Las Hayas Ushuaia Resort, Hotel de lujo 5 estrellas\",\"url\":\"https:\/\/www.lashayas.com.ar\/\",\"logo\":{\"@type\":\"ImageObject\",\"inLanguage\":\"pt-BR\",\"@id\":\"https:\/\/www.lashayas.com.ar\/#\/schema\/logo\/image\/\",\"url\":\"https:\/\/www.lashayas.com.ar\/wp-content\/uploads\/2023\/02\/0.png\",\"contentUrl\":\"https:\/\/www.lashayas.com.ar\/wp-content\/uploads\/2023\/02\/0.png\",\"width\":410,\"height\":311,\"caption\":\"Las Hayas Ushuaia Resort, Hotel de lujo 5 estrellas\"},\"image\":{\"@id\":\"https:\/\/www.lashayas.com.ar\/#\/schema\/logo\/image\/\"},\"sameAs\":[\"https:\/\/www.facebook.com\/lashayasushuaiaresort\/\"]}]}<\/script>\n<!-- \/ Yoast SEO plugin. -->","yoast_head_json":{"title":"Gastronom\u00eda - Las Hayas Ushuaia Resort, Hotel de lujo 5 estrellas","robots":{"index":"index","follow":"follow","max-snippet":"max-snippet:-1","max-image-preview":"max-image-preview:large","max-video-preview":"max-video-preview:-1"},"canonical":"https:\/\/www.lashayas.com.ar\/pt\/gastronomia\/","og_locale":"pt_BR","og_type":"article","og_title":"Gastronom\u00eda - Las Hayas Ushuaia Resort, Hotel de lujo 5 estrellas","og_description":"a Le Martial Rest\u00f3 Jauke Bistr\u00f3 &#038; Cocktail a Desayunador Drake a CHECK-IN 20 Ene CHECK-OUT 20 Ene HABITACIONES 1 ADULTO 1 MENORES 0","og_url":"https:\/\/www.lashayas.com.ar\/pt\/gastronomia\/","og_site_name":"Las Hayas Ushuaia Resort, Hotel de lujo 5 estrellas","article_publisher":"https:\/\/www.facebook.com\/lashayasushuaiaresort\/","article_modified_time":"2024-01-20T00:00:07+00:00","og_image":[{"url":"https:\/\/www.lashayas.com.ar\/wp-content\/uploads\/2022\/07\/down.png","type":"","width":"","height":""}],"twitter_card":"summary_large_image","twitter_misc":{"Est. tempo de leitura":"1 minuto"},"schema":{"@context":"https:\/\/schema.org","@graph":[{"@type":"WebPage","@id":"https:\/\/www.lashayas.com.ar\/gastronomia\/","url":"https:\/\/www.lashayas.com.ar\/gastronomia\/","name":"Gastronom\u00eda - Las Hayas Ushuaia Resort, Hotel de lujo 5 estrellas","isPartOf":{"@id":"https:\/\/www.lashayas.com.ar\/#website"},"primaryImageOfPage":{"@id":"https:\/\/www.lashayas.com.ar\/gastronomia\/#primaryimage"},"image":{"@id":"https:\/\/www.lashayas.com.ar\/gastronomia\/#primaryimage"},"thumbnailUrl":"https:\/\/www.lashayas.com.ar\/wp-content\/uploads\/2022\/07\/down.png","datePublished":"2021-05-10T10:16:32+00:00","dateModified":"2024-01-20T00:00:07+00:00","breadcrumb":{"@id":"https:\/\/www.lashayas.com.ar\/gastronomia\/#breadcrumb"},"inLanguage":"pt-BR","potentialAction":[{"@type":"ReadAction","target":["https:\/\/www.lashayas.com.ar\/gastronomia\/"]}]},{"@type":"ImageObject","inLanguage":"pt-BR","@id":"https:\/\/www.lashayas.com.ar\/gastronomia\/#primaryimage","url":"https:\/\/www.lashayas.com.ar\/wp-content\/uploads\/2022\/07\/down.png","contentUrl":"https:\/\/www.lashayas.com.ar\/wp-content\/uploads\/2022\/07\/down.png"},{"@type":"BreadcrumbList","@id":"https:\/\/www.lashayas.com.ar\/gastronomia\/#breadcrumb","itemListElement":[{"@type":"ListItem","position":1,"name":"Inicio","item":"https:\/\/www.lashayas.com.ar\/"},{"@type":"ListItem","position":2,"name":"Gastronom\u00eda"}]},{"@type":"WebSite","@id":"https:\/\/www.lashayas.com.ar\/#website","url":"https:\/\/www.lashayas.com.ar\/","name":"Las Hayas Ushuaia Resort, Hotel de lujo 5 estrellas","description":"Las Hayas Ushuaia Resort, Hotel de lujo 5 estrellas","publisher":{"@id":"https:\/\/www.lashayas.com.ar\/#organization"},"potentialAction":[{"@type":"SearchAction","target":{"@type":"EntryPoint","urlTemplate":"https:\/\/www.lashayas.com.ar\/?s={search_term_string}"},"query-input":{"@type":"PropertyValueSpecification","valueRequired":true,"valueName":"search_term_string"}}],"inLanguage":"pt-BR"},{"@type":"Organization","@id":"https:\/\/www.lashayas.com.ar\/#organization","name":"Las Hayas Ushuaia Resort, Hotel de lujo 5 estrellas","url":"https:\/\/www.lashayas.com.ar\/","logo":{"@type":"ImageObject","inLanguage":"pt-BR","@id":"https:\/\/www.lashayas.com.ar\/#\/schema\/logo\/image\/","url":"https:\/\/www.lashayas.com.ar\/wp-content\/uploads\/2023\/02\/0.png","contentUrl":"https:\/\/www.lashayas.com.ar\/wp-content\/uploads\/2023\/02\/0.png","width":410,"height":311,"caption":"Las Hayas Ushuaia Resort, Hotel de lujo 5 estrellas"},"image":{"@id":"https:\/\/www.lashayas.com.ar\/#\/schema\/logo\/image\/"},"sameAs":["https:\/\/www.facebook.com\/lashayasushuaiaresort\/"]}]}},"_links":{"self":[{"href":"http:\/\/www.lashayas.com.ar\/pt\/wp-json\/wp\/v2\/pages\/1717","targetHints":{"allow":["GET"]}}],"collection":[{"href":"http:\/\/www.lashayas.com.ar\/pt\/wp-json\/wp\/v2\/pages"}],"about":[{"href":"http:\/\/www.lashayas.com.ar\/pt\/wp-json\/wp\/v2\/types\/page"}],"author":[{"embeddable":true,"href":"http:\/\/www.lashayas.com.ar\/pt\/wp-json\/wp\/v2\/users\/1"}],"replies":[{"embeddable":true,"href":"http:\/\/www.lashayas.com.ar\/pt\/wp-json\/wp\/v2\/comments?post=1717"}],"version-history":[{"count":0,"href":"http:\/\/www.lashayas.com.ar\/pt\/wp-json\/wp\/v2\/pages\/1717\/revisions"}],"wp:attachment":[{"href":"http:\/\/www.lashayas.com.ar\/pt\/wp-json\/wp\/v2\/media?parent=1717"}],"curies":[{"name":"wp","href":"https:\/\/api.w.org\/{rel}","templated":true}]}}